{"id":10080,"date":"2025-02-05T14:52:25","date_gmt":"2025-02-05T14:52:25","guid":{"rendered":"https:\/\/saarjarve.ee\/uudised-ja-paketid\/"},"modified":"2026-02-12T06:14:35","modified_gmt":"2026-02-12T06:14:35","slug":"news-offers","status":"publish","type":"page","link":"https:\/\/saarjarve.ee\/en\/news-offers\/","title":{"rendered":"News &#038; Offers"},"content":{"rendered":"\t\t<div data-elementor-type=\"wp-page\" data-elementor-id=\"10080\" class=\"elementor elementor-10080 elementor-8674\" data-elementor-post-type=\"page\">\n\t\t\t\t<div class=\"elementor-element elementor-element-23cf09e e-flex e-con-boxed e-con e-parent\" data-id=\"23cf09e\" data-element_type=\"container\" data-e-type=\"container\" data-settings=\"{&quot;background_background&quot;:&quot;classic&quot;}\">\n\t\t\t\t\t<div class=\"e-con-inner\">\n\t\t<div class=\"elementor-element elementor-element-bd73a50 e-con-full e-flex e-con e-child\" data-id=\"bd73a50\" data-element_type=\"container\" data-e-type=\"container\">\n\t\t<div class=\"elementor-element elementor-element-813f9e3 e-flex e-con-boxed e-con e-child\" data-id=\"813f9e3\" data-element_type=\"container\" data-e-type=\"container\">\n\t\t\t\t\t<div class=\"e-con-inner\">\n\t\t\t\t<div class=\"elementor-element elementor-element-0841086 elementor-widget__width-auto elementor-widget-divider--view-line_text animated-fast elementor-widget-divider--element-align-center elementor-invisible elementor-widget elementor-widget-divider\" data-id=\"0841086\" data-element_type=\"widget\" data-e-type=\"widget\" data-settings=\"{&quot;_animation&quot;:&quot;fadeInUp&quot;,&quot;_animation_mobile&quot;:&quot;none&quot;}\" data-widget_type=\"divider.default\">\n\t\t\t\t<div class=\"elementor-widget-container\">\n\t\t\t\t\t\t\t<div class=\"elementor-divider\">\n\t\t\t<span class=\"elementor-divider-separator\">\n\t\t\t\t\t\t\t<span class=\"elementor-divider__text elementor-divider__element\">\n\t\t\t\tLatest news\t\t\t\t<\/span>\n\t\t\t\t\t\t<\/span>\n\t\t<\/div>\n\t\t\t\t\t\t<\/div>\n\t\t\t\t<\/div>\n\t\t\t\t<div class=\"elementor-element elementor-element-4bd0998 animated-fast elementor-invisible elementor-widget elementor-widget-heading\" data-id=\"4bd0998\" data-element_type=\"widget\" data-e-type=\"widget\" data-settings=\"{&quot;_animation_delay&quot;:50,&quot;_animation&quot;:&quot;fadeInUp&quot;,&quot;_animation_mobile&quot;:&quot;none&quot;}\" data-widget_type=\"heading.default\">\n\t\t\t\t<div class=\"elementor-widget-container\">\n\t\t\t\t\t<h1 class=\"elementor-heading-title elementor-size-default\">News &amp; Offers<\/h1>\t\t\t\t<\/div>\n\t\t\t\t<\/div>\n\t\t\t\t\t<\/div>\n\t\t\t\t<\/div>\n\t\t\t\t<\/div>\n\t\t\t\t\t<\/div>\n\t\t\t\t<\/div>\n\t\t<div class=\"elementor-element elementor-element-133d7bf e-flex e-con-boxed e-con e-parent\" data-id=\"133d7bf\" data-element_type=\"container\" data-e-type=\"container\">\n\t\t\t\t\t<div class=\"e-con-inner\">\n\t\t\t\t<div class=\"elementor-element elementor-element-40fb782 elementor-grid-3 elementor-grid-tablet-2 elementor-grid-mobile-1 elementor-posts--thumbnail-top elementor-card-shadow-yes elementor-posts__hover-gradient load-more-align-center elementor-widget elementor-widget-posts\" data-id=\"40fb782\" data-element_type=\"widget\" data-e-type=\"widget\" data-settings=\"{&quot;pagination_type&quot;:&quot;load_more_on_click&quot;,&quot;cards_columns&quot;:&quot;3&quot;,&quot;cards_columns_tablet&quot;:&quot;2&quot;,&quot;cards_columns_mobile&quot;:&quot;1&quot;,&quot;cards_row_gap&quot;:{&quot;unit&quot;:&quot;px&quot;,&quot;size&quot;:35,&quot;sizes&quot;:[]},&quot;cards_row_gap_widescreen&quot;:{&quot;unit&quot;:&quot;px&quot;,&quot;size&quot;:&quot;&quot;,&quot;sizes&quot;:[]},&quot;cards_row_gap_laptop&quot;:{&quot;unit&quot;:&quot;px&quot;,&quot;size&quot;:&quot;&quot;,&quot;sizes&quot;:[]},&quot;cards_row_gap_tablet_extra&quot;:{&quot;unit&quot;:&quot;px&quot;,&quot;size&quot;:&quot;&quot;,&quot;sizes&quot;:[]},&quot;cards_row_gap_tablet&quot;:{&quot;unit&quot;:&quot;px&quot;,&quot;size&quot;:&quot;&quot;,&quot;sizes&quot;:[]},&quot;cards_row_gap_mobile_extra&quot;:{&quot;unit&quot;:&quot;px&quot;,&quot;size&quot;:&quot;&quot;,&quot;sizes&quot;:[]},&quot;cards_row_gap_mobile&quot;:{&quot;unit&quot;:&quot;px&quot;,&quot;size&quot;:&quot;&quot;,&quot;sizes&quot;:[]},&quot;load_more_spinner&quot;:{&quot;value&quot;:&quot;fas fa-spinner&quot;,&quot;library&quot;:&quot;fa-solid&quot;}}\" data-widget_type=\"posts.cards\">\n\t\t\t\t<div class=\"elementor-widget-container\">\n\t\t\t\t\t\t\t<div class=\"elementor-posts-container elementor-posts elementor-posts--skin-cards elementor-grid\" role=\"list\">\n\t\t\t\t<article class=\"elementor-post elementor-grid-item post-10214 post type-post status-publish format-standard has-post-thumbnail hentry category-pakages category-whats-on-now\" role=\"listitem\">\n\t\t\t<div class=\"elementor-post__card\">\n\t\t\t\t<a class=\"elementor-post__thumbnail__link\" href=\"https:\/\/saarjarve.ee\/en\/lakeside-sauna-experience-in-south-estonia\/\" tabindex=\"-1\" ><div class=\"elementor-post__thumbnail\"><img fetchpriority=\"high\" decoding=\"async\" width=\"300\" height=\"200\" src=\"https:\/\/saarjarve.ee\/wp-content\/uploads\/2025\/10\/Saarjarve-villa-saun-aj-tunn-300x200.jpg\" class=\"attachment-medium size-medium wp-image-10138\" alt=\"\" srcset=\"https:\/\/saarjarve.ee\/wp-content\/uploads\/2025\/10\/Saarjarve-villa-saun-aj-tunn-300x200.jpg 300w, https:\/\/saarjarve.ee\/wp-content\/uploads\/2025\/10\/Saarjarve-villa-saun-aj-tunn-1024x683.jpg 1024w, https:\/\/saarjarve.ee\/wp-content\/uploads\/2025\/10\/Saarjarve-villa-saun-aj-tunn-768x512.jpg 768w, https:\/\/saarjarve.ee\/wp-content\/uploads\/2025\/10\/Saarjarve-villa-saun-aj-tunn-1536x1024.jpg 1536w, https:\/\/saarjarve.ee\/wp-content\/uploads\/2025\/10\/Saarjarve-villa-saun-aj-tunn-2048x1365.jpg 2048w, https:\/\/saarjarve.ee\/wp-content\/uploads\/2025\/10\/Saarjarve-villa-saun-aj-tunn-scaled-600x400.jpg 600w\" sizes=\"(max-width: 300px) 100vw, 300px\" \/><\/div><\/a>\n\t\t\t\t<div class=\"elementor-post__badge\">Pakages<\/div>\n\t\t\t\t<div class=\"elementor-post__text\">\n\t\t\t\t<h3 class=\"elementor-post__title\">\n\t\t\t<a href=\"https:\/\/saarjarve.ee\/en\/lakeside-sauna-experience-in-south-estonia\/\" >\n\t\t\t\tSauna Package\t\t\t<\/a>\n\t\t<\/h3>\n\t\t\t\t<div class=\"elementor-post__excerpt\">\n\t\t\t<p>The sauna package includes the use of the sauna and hot tub, a two-course dinner, sauna snacks, use of the main hall, towels, and paddleboarding.<\/p>\n<ul>\n<li> Duration: 5 hours<\/li>\n<li> Minimum group size: 10 participants<\/li>\n<\/ul>\n<h4> Price: \u20ac79 per person<\/h4>\n\t\t<\/div>\n\t\t\n\t\t<a class=\"elementor-post__read-more\" href=\"https:\/\/saarjarve.ee\/en\/lakeside-sauna-experience-in-south-estonia\/\" aria-label=\"Read more about Sauna Package\" tabindex=\"-1\" >\n\t\t\tRead more...\t\t<\/a>\n\n\t\t\t\t<\/div>\n\t\t\t\t<div class=\"elementor-post__meta-data\">\n\t\t\t\t\t<span class=\"elementor-post-date\">\n\t\t\t24\/09\/2025\t\t<\/span>\n\t\t\t\t<\/div>\n\t\t\t\t\t<\/div>\n\t\t<\/article>\n\t\t\t\t<article class=\"elementor-post elementor-grid-item post-11985 post type-post status-publish format-gallery has-post-thumbnail hentry category-pakages category-whats-on-now post_format-post-format-gallery\" role=\"listitem\">\n\t\t\t<div class=\"elementor-post__card\">\n\t\t\t\t<a class=\"elementor-post__thumbnail__link\" href=\"https:\/\/saarjarve.ee\/en\/one-day-seminar-package\/\" tabindex=\"-1\" ><div class=\"elementor-post__thumbnail\"><img decoding=\"async\" width=\"300\" height=\"169\" src=\"https:\/\/saarjarve.ee\/wp-content\/uploads\/2025\/03\/Saarjarve-puhkemaja-seminariruum-teatristiil-1-300x169.jpeg\" class=\"attachment-medium size-medium wp-image-8922\" alt=\"\" srcset=\"https:\/\/saarjarve.ee\/wp-content\/uploads\/2025\/03\/Saarjarve-puhkemaja-seminariruum-teatristiil-1-300x169.jpeg 300w, https:\/\/saarjarve.ee\/wp-content\/uploads\/2025\/03\/Saarjarve-puhkemaja-seminariruum-teatristiil-1-1024x576.jpeg 1024w, https:\/\/saarjarve.ee\/wp-content\/uploads\/2025\/03\/Saarjarve-puhkemaja-seminariruum-teatristiil-1-768x432.jpeg 768w, https:\/\/saarjarve.ee\/wp-content\/uploads\/2025\/03\/Saarjarve-puhkemaja-seminariruum-teatristiil-1-1536x864.jpeg 1536w, https:\/\/saarjarve.ee\/wp-content\/uploads\/2025\/03\/Saarjarve-puhkemaja-seminariruum-teatristiil-1-2048x1151.jpeg 2048w, https:\/\/saarjarve.ee\/wp-content\/uploads\/2025\/03\/Saarjarve-puhkemaja-seminariruum-teatristiil-1-scaled-600x337.jpeg 600w\" sizes=\"(max-width: 300px) 100vw, 300px\" \/><\/div><\/a>\n\t\t\t\t<div class=\"elementor-post__badge\">Pakages<\/div>\n\t\t\t\t<div class=\"elementor-post__text\">\n\t\t\t\t<h3 class=\"elementor-post__title\">\n\t\t\t<a href=\"https:\/\/saarjarve.ee\/en\/one-day-seminar-package\/\" >\n\t\t\t\tOne-Day Seminar Package at Saarj\u00e4rve\t\t\t<\/a>\n\t\t<\/h3>\n\t\t\t\t<div class=\"elementor-post__excerpt\">\n\t\t\t<p>A calm and inspiring setting for team days in nature<\/p>\n<h4>price from \u20ac45 per person<\/h4>\n\t\t<\/div>\n\t\t\n\t\t<a class=\"elementor-post__read-more\" href=\"https:\/\/saarjarve.ee\/en\/one-day-seminar-package\/\" aria-label=\"Read more about One-Day Seminar Package at Saarj\u00e4rve\" tabindex=\"-1\" >\n\t\t\tRead more...\t\t<\/a>\n\n\t\t\t\t<\/div>\n\t\t\t\t<div class=\"elementor-post__meta-data\">\n\t\t\t\t\t<span class=\"elementor-post-date\">\n\t\t\t01\/08\/2025\t\t<\/span>\n\t\t\t\t<\/div>\n\t\t\t\t\t<\/div>\n\t\t<\/article>\n\t\t\t\t<\/div>\n\t\t\t\t\t<span class=\"e-load-more-spinner\">\n\t\t\t\t<svg aria-hidden=\"true\" class=\"e-font-icon-svg e-fas-spinner\" viewBox=\"0 0 512 512\" xmlns=\"http:\/\/www.w3.org\/2000\/svg\"><path d=\"M304 48c0 26.51-21.49 48-48 48s-48-21.49-48-48 21.49-48 48-48 48 21.49 48 48zm-48 368c-26.51 0-48 21.49-48 48s21.49 48 48 48 48-21.49 48-48-21.49-48-48-48zm208-208c-26.51 0-48 21.49-48 48s21.49 48 48 48 48-21.49 48-48-21.49-48-48-48zM96 256c0-26.51-21.49-48-48-48S0 229.49 0 256s21.49 48 48 48 48-21.49 48-48zm12.922 99.078c-26.51 0-48 21.49-48 48s21.49 48 48 48 48-21.49 48-48c0-26.509-21.491-48-48-48zm294.156 0c-26.51 0-48 21.49-48 48s21.49 48 48 48 48-21.49 48-48c0-26.509-21.49-48-48-48zM108.922 60.922c-26.51 0-48 21.49-48 48s21.49 48 48 48 48-21.49 48-48-21.491-48-48-48z\"><\/path><\/svg>\t\t\t<\/span>\n\t\t\n\t\t\t\t\t\t<\/div>\n\t\t\t\t<\/div>\n\t\t\t\t\t<\/div>\n\t\t\t\t<\/div>\n\t\t\t\t<\/div>\n\t\t","protected":false},"excerpt":{"rendered":"<p>Latest news News &amp; Offers<\/p>\n","protected":false},"author":2,"featured_media":0,"parent":0,"menu_order":0,"comment_status":"closed","ping_status":"closed","template":"","meta":{"_acf_changed":false,"footnotes":""},"class_list":["post-10080","page","type-page","status-publish","hentry"],"acf":[],"yoast_head":"<!-- This site is optimized with the Yoast SEO plugin v27.3 - https:\/\/yoast.com\/product\/yoast-seo-wordpress\/ -->\n<title>News &amp; Offers | Saarj\u00e4rve Villa by the lake | South Estonia<\/title>\n<meta name=\"robots\" content=\"index, follow, max-snippet:-1, max-image-preview:large, max-video-preview:-1\" \/>\n<link rel=\"canonical\" href=\"https:\/\/saarjarve.ee\/en\/news-offers\/\" \/>\n<meta property=\"og:locale\" content=\"en_US\" \/>\n<meta property=\"og:type\" content=\"article\" \/>\n<meta property=\"og:title\" content=\"News &amp; Offers | Saarj\u00e4rve Villa by the lake | South Estonia\" \/>\n<meta property=\"og:description\" content=\"Latest news News &amp; Offers\" \/>\n<meta property=\"og:url\" content=\"https:\/\/saarjarve.ee\/en\/news-offers\/\" \/>\n<meta property=\"og:site_name\" content=\"Saarj\u00e4rve Puhkemaja \u2013 Privaatne j\u00e4rve\u00e4\u00e4rne villa L\u00f5una-Eestis\" \/>\n<meta property=\"article:publisher\" content=\"https:\/\/www.facebook.com\/saarjarve\" \/>\n<meta property=\"article:modified_time\" content=\"2026-02-12T06:14:35+00:00\" \/>\n<meta name=\"twitter:card\" content=\"summary_large_image\" \/>\n<meta name=\"twitter:label1\" content=\"Est. reading time\" \/>\n\t<meta name=\"twitter:data1\" content=\"1 minute\" \/>\n<script type=\"application\/ld+json\" class=\"yoast-schema-graph\">{\"@context\":\"https:\\\/\\\/schema.org\",\"@graph\":[{\"@type\":\"WebPage\",\"@id\":\"https:\\\/\\\/saarjarve.ee\\\/en\\\/news-offers\\\/\",\"url\":\"https:\\\/\\\/saarjarve.ee\\\/en\\\/news-offers\\\/\",\"name\":\"News & Offers | Saarj\u00e4rve Villa by the lake | South Estonia\",\"isPartOf\":{\"@id\":\"https:\\\/\\\/saarjarve.ee\\\/#website\"},\"datePublished\":\"2025-02-05T14:52:25+00:00\",\"dateModified\":\"2026-02-12T06:14:35+00:00\",\"breadcrumb\":{\"@id\":\"https:\\\/\\\/saarjarve.ee\\\/en\\\/news-offers\\\/#breadcrumb\"},\"inLanguage\":\"en-US\",\"potentialAction\":[{\"@type\":\"ReadAction\",\"target\":[\"https:\\\/\\\/saarjarve.ee\\\/en\\\/news-offers\\\/\"]}]},{\"@type\":\"BreadcrumbList\",\"@id\":\"https:\\\/\\\/saarjarve.ee\\\/en\\\/news-offers\\\/#breadcrumb\",\"itemListElement\":[{\"@type\":\"ListItem\",\"position\":1,\"name\":\"Home\",\"item\":\"https:\\\/\\\/saarjarve.ee\\\/en\\\/\"},{\"@type\":\"ListItem\",\"position\":2,\"name\":\"News &#038; Offers\"}]},{\"@type\":\"WebSite\",\"@id\":\"https:\\\/\\\/saarjarve.ee\\\/#website\",\"url\":\"https:\\\/\\\/saarjarve.ee\\\/\",\"name\":\"Saarj\u00e4rve Puhkemaja | Villa | J\u00e4rv | Mets | L\u00f5una-Eestis\",\"description\":\"Hubane ja stiilne puhkemaja L\u00f5una-Eesti metsade ja rabaj\u00e4rve \u00e4\u00e4res. Majutus, saun, toitlustus ja seminariv\u00f5imalused gruppidele \u2013 k\u00f5ik \u00fches looduskaunis kohas.\",\"publisher\":{\"@id\":\"https:\\\/\\\/saarjarve.ee\\\/#organization\"},\"potentialAction\":[{\"@type\":\"SearchAction\",\"target\":{\"@type\":\"EntryPoint\",\"urlTemplate\":\"https:\\\/\\\/saarjarve.ee\\\/?s={search_term_string}\"},\"query-input\":{\"@type\":\"PropertyValueSpecification\",\"valueRequired\":true,\"valueName\":\"search_term_string\"}}],\"inLanguage\":\"en-US\"},{\"@type\":\"Organization\",\"@id\":\"https:\\\/\\\/saarjarve.ee\\\/#organization\",\"name\":\"Saarj\u00e4rve Puhkemaja\",\"url\":\"https:\\\/\\\/saarjarve.ee\\\/\",\"logo\":{\"@type\":\"ImageObject\",\"inLanguage\":\"en-US\",\"@id\":\"https:\\\/\\\/saarjarve.ee\\\/#\\\/schema\\\/logo\\\/image\\\/\",\"url\":\"https:\\\/\\\/saarjarve.ee\\\/wp-content\\\/uploads\\\/2025\\\/02\\\/Saarjarve-Puhkemaja-Logo_taust-1500x1500-2025-EST.png\",\"contentUrl\":\"https:\\\/\\\/saarjarve.ee\\\/wp-content\\\/uploads\\\/2025\\\/02\\\/Saarjarve-Puhkemaja-Logo_taust-1500x1500-2025-EST.png\",\"width\":1563,\"height\":1563,\"caption\":\"Saarj\u00e4rve Puhkemaja\"},\"image\":{\"@id\":\"https:\\\/\\\/saarjarve.ee\\\/#\\\/schema\\\/logo\\\/image\\\/\"},\"sameAs\":[\"https:\\\/\\\/www.facebook.com\\\/saarjarve\",\"http:\\\/\\\/instagram.com\\\/saarjarve\"]}]}<\/script>\n<!-- \/ Yoast SEO plugin. -->","yoast_head_json":{"title":"News & Offers | Saarj\u00e4rve Villa by the lake | South Estonia","robots":{"index":"index","follow":"follow","max-snippet":"max-snippet:-1","max-image-preview":"max-image-preview:large","max-video-preview":"max-video-preview:-1"},"canonical":"https:\/\/saarjarve.ee\/en\/news-offers\/","og_locale":"en_US","og_type":"article","og_title":"News & Offers | Saarj\u00e4rve Villa by the lake | South Estonia","og_description":"Latest news News &amp; Offers","og_url":"https:\/\/saarjarve.ee\/en\/news-offers\/","og_site_name":"Saarj\u00e4rve Puhkemaja \u2013 Privaatne j\u00e4rve\u00e4\u00e4rne villa L\u00f5una-Eestis","article_publisher":"https:\/\/www.facebook.com\/saarjarve","article_modified_time":"2026-02-12T06:14:35+00:00","twitter_card":"summary_large_image","twitter_misc":{"Est. reading time":"1 minute"},"schema":{"@context":"https:\/\/schema.org","@graph":[{"@type":"WebPage","@id":"https:\/\/saarjarve.ee\/en\/news-offers\/","url":"https:\/\/saarjarve.ee\/en\/news-offers\/","name":"News & Offers | Saarj\u00e4rve Villa by the lake | South Estonia","isPartOf":{"@id":"https:\/\/saarjarve.ee\/#website"},"datePublished":"2025-02-05T14:52:25+00:00","dateModified":"2026-02-12T06:14:35+00:00","breadcrumb":{"@id":"https:\/\/saarjarve.ee\/en\/news-offers\/#breadcrumb"},"inLanguage":"en-US","potentialAction":[{"@type":"ReadAction","target":["https:\/\/saarjarve.ee\/en\/news-offers\/"]}]},{"@type":"BreadcrumbList","@id":"https:\/\/saarjarve.ee\/en\/news-offers\/#breadcrumb","itemListElement":[{"@type":"ListItem","position":1,"name":"Home","item":"https:\/\/saarjarve.ee\/en\/"},{"@type":"ListItem","position":2,"name":"News &#038; Offers"}]},{"@type":"WebSite","@id":"https:\/\/saarjarve.ee\/#website","url":"https:\/\/saarjarve.ee\/","name":"Saarj\u00e4rve Puhkemaja | Villa | J\u00e4rv | Mets | L\u00f5una-Eestis","description":"Hubane ja stiilne puhkemaja L\u00f5una-Eesti metsade ja rabaj\u00e4rve \u00e4\u00e4res. Majutus, saun, toitlustus ja seminariv\u00f5imalused gruppidele \u2013 k\u00f5ik \u00fches looduskaunis kohas.","publisher":{"@id":"https:\/\/saarjarve.ee\/#organization"},"potentialAction":[{"@type":"SearchAction","target":{"@type":"EntryPoint","urlTemplate":"https:\/\/saarjarve.ee\/?s={search_term_string}"},"query-input":{"@type":"PropertyValueSpecification","valueRequired":true,"valueName":"search_term_string"}}],"inLanguage":"en-US"},{"@type":"Organization","@id":"https:\/\/saarjarve.ee\/#organization","name":"Saarj\u00e4rve Puhkemaja","url":"https:\/\/saarjarve.ee\/","logo":{"@type":"ImageObject","inLanguage":"en-US","@id":"https:\/\/saarjarve.ee\/#\/schema\/logo\/image\/","url":"https:\/\/saarjarve.ee\/wp-content\/uploads\/2025\/02\/Saarjarve-Puhkemaja-Logo_taust-1500x1500-2025-EST.png","contentUrl":"https:\/\/saarjarve.ee\/wp-content\/uploads\/2025\/02\/Saarjarve-Puhkemaja-Logo_taust-1500x1500-2025-EST.png","width":1563,"height":1563,"caption":"Saarj\u00e4rve Puhkemaja"},"image":{"@id":"https:\/\/saarjarve.ee\/#\/schema\/logo\/image\/"},"sameAs":["https:\/\/www.facebook.com\/saarjarve","http:\/\/instagram.com\/saarjarve"]}]}},"_links":{"self":[{"href":"https:\/\/saarjarve.ee\/en\/wp-json\/wp\/v2\/pages\/10080","targetHints":{"allow":["GET"]}}],"collection":[{"href":"https:\/\/saarjarve.ee\/en\/wp-json\/wp\/v2\/pages"}],"about":[{"href":"https:\/\/saarjarve.ee\/en\/wp-json\/wp\/v2\/types\/page"}],"author":[{"embeddable":true,"href":"https:\/\/saarjarve.ee\/en\/wp-json\/wp\/v2\/users\/2"}],"replies":[{"embeddable":true,"href":"https:\/\/saarjarve.ee\/en\/wp-json\/wp\/v2\/comments?post=10080"}],"version-history":[{"count":7,"href":"https:\/\/saarjarve.ee\/en\/wp-json\/wp\/v2\/pages\/10080\/revisions"}],"predecessor-version":[{"id":11745,"href":"https:\/\/saarjarve.ee\/en\/wp-json\/wp\/v2\/pages\/10080\/revisions\/11745"}],"wp:attachment":[{"href":"https:\/\/saarjarve.ee\/en\/wp-json\/wp\/v2\/media?parent=10080"}],"curies":[{"name":"wp","href":"https:\/\/api.w.org\/{rel}","templated":true}]}}