{"id":11731,"date":"2025-10-22T15:56:13","date_gmt":"2025-10-22T15:56:13","guid":{"rendered":"https:\/\/saarjarve.ee\/mida-teha-talvel\/"},"modified":"2026-02-11T22:10:07","modified_gmt":"2026-02-11T22:10:07","slug":"winter-activities","status":"publish","type":"page","link":"https:\/\/saarjarve.ee\/en\/winter-activities\/","title":{"rendered":"Winter Activities"},"content":{"rendered":"\t\t<div data-elementor-type=\"wp-page\" data-elementor-id=\"11731\" class=\"elementor elementor-11731 elementor-9816\" data-elementor-post-type=\"page\">\n\t\t\t\t<div class=\"elementor-element elementor-element-23cf09e e-flex e-con-boxed e-con e-parent\" data-id=\"23cf09e\" data-element_type=\"container\" data-e-type=\"container\" data-settings=\"{&quot;background_background&quot;:&quot;classic&quot;}\">\n\t\t\t\t\t<div class=\"e-con-inner\">\n\t\t<div class=\"elementor-element elementor-element-bd73a50 e-con-full e-flex e-con e-child\" data-id=\"bd73a50\" data-element_type=\"container\" data-e-type=\"container\">\n\t\t<div class=\"elementor-element elementor-element-813f9e3 e-flex e-con-boxed e-con e-child\" data-id=\"813f9e3\" data-element_type=\"container\" data-e-type=\"container\">\n\t\t\t\t\t<div class=\"e-con-inner\">\n\t\t\t\t<div class=\"elementor-element elementor-element-0841086 elementor-widget__width-auto elementor-widget-divider--view-line_text animated-fast elementor-widget-divider--element-align-center elementor-invisible elementor-widget elementor-widget-divider\" data-id=\"0841086\" data-element_type=\"widget\" data-e-type=\"widget\" data-settings=\"{&quot;_animation&quot;:&quot;fadeInUp&quot;,&quot;_animation_mobile&quot;:&quot;none&quot;}\" data-widget_type=\"divider.default\">\n\t\t\t\t<div class=\"elementor-widget-container\">\n\t\t\t\t\t\t\t<div class=\"elementor-divider\">\n\t\t\t<span class=\"elementor-divider-separator\">\n\t\t\t\t\t\t\t<span class=\"elementor-divider__text elementor-divider__element\">\n\t\t\t\tActivities\t\t\t\t<\/span>\n\t\t\t\t\t\t<\/span>\n\t\t<\/div>\n\t\t\t\t\t\t<\/div>\n\t\t\t\t<\/div>\n\t\t\t\t<div class=\"elementor-element elementor-element-4bd0998 animated-fast elementor-invisible elementor-widget elementor-widget-heading\" data-id=\"4bd0998\" data-element_type=\"widget\" data-e-type=\"widget\" data-settings=\"{&quot;_animation_delay&quot;:50,&quot;_animation&quot;:&quot;fadeInUp&quot;,&quot;_animation_mobile&quot;:&quot;none&quot;}\" data-widget_type=\"heading.default\">\n\t\t\t\t<div class=\"elementor-widget-container\">\n\t\t\t\t\t<p class=\"elementor-heading-title elementor-size-default\">Winter Activities at Saarj\u00e4rv<\/p>\t\t\t\t<\/div>\n\t\t\t\t<\/div>\n\t\t\t\t\t<\/div>\n\t\t\t\t<\/div>\n\t\t\t\t<\/div>\n\t\t\t\t\t<\/div>\n\t\t\t\t<\/div>\n\t\t<div class=\"elementor-element elementor-element-133d7bf e-flex e-con-boxed e-con e-parent\" data-id=\"133d7bf\" data-element_type=\"container\" data-e-type=\"container\">\n\t\t\t\t\t<div class=\"e-con-inner\">\n\t\t\t\t<div class=\"elementor-element elementor-element-675b6e3 elementor-widget elementor-widget-spacer\" data-id=\"675b6e3\" data-element_type=\"widget\" data-e-type=\"widget\" data-widget_type=\"spacer.default\">\n\t\t\t\t<div class=\"elementor-widget-container\">\n\t\t\t\t\t\t\t<div class=\"elementor-spacer\">\n\t\t\t<div class=\"elementor-spacer-inner\"><\/div>\n\t\t<\/div>\n\t\t\t\t\t\t<\/div>\n\t\t\t\t<\/div>\n\t\t\t\t<div class=\"elementor-element elementor-element-4103a79 elementor-widget elementor-widget-heading\" data-id=\"4103a79\" data-element_type=\"widget\" data-e-type=\"widget\" data-widget_type=\"heading.default\">\n\t\t\t\t<div class=\"elementor-widget-container\">\n\t\t\t\t\t<h2 class=\"elementor-heading-title elementor-size-default\">What exciting things can you do at Saarj\u00e4rv in winter?<\/h2>\t\t\t\t<\/div>\n\t\t\t\t<\/div>\n\t\t\t\t<div class=\"elementor-element elementor-element-d750072 elementor-widget elementor-widget-text-editor\" data-id=\"d750072\" data-element_type=\"widget\" data-e-type=\"widget\" data-widget_type=\"text-editor.default\">\n\t\t\t\t<div class=\"elementor-widget-container\">\n\t\t\t\t\t\t\t\t\t<p data-start=\"116\" data-end=\"184\">Winter at Saarj\u00e4rve is anything but quiet \u2013 unless you want it to be.<\/p><p data-start=\"186\" data-end=\"426\">You can warm up in the sauna and dip into the icy lake, enjoy peaceful forest walks or snowshoe adventures, gather around a crackling fireplace with mulled wine, or take part in creative workshops like glass art or seasonal team activities.<\/p><p data-start=\"428\" data-end=\"607\">For groups and companies, winter is the perfect time for cosy retreats, forest adventures, wine tastings, and unforgettable team experiences in the heart of South Estonian nature.<\/p><p data-start=\"609\" data-end=\"666\">At Saarj\u00e4rve, winter is not a season \u2014 it\u2019s an experience.<\/p>\t\t\t\t\t\t\t\t<\/div>\n\t\t\t\t<\/div>\n\t\t\t\t\t<\/div>\n\t\t\t\t<\/div>\n\t\t<div class=\"elementor-element elementor-element-e75d7f5 e-flex e-con-boxed e-con e-parent\" data-id=\"e75d7f5\" data-element_type=\"container\" data-e-type=\"container\">\n\t\t\t\t\t<div class=\"e-con-inner\">\n\t\t\t\t\t<\/div>\n\t\t\t\t<\/div>\n\t\t\t\t<\/div>\n\t\t","protected":false},"excerpt":{"rendered":"<p>Activities Winter Activities at Saarj\u00e4rv What exciting things can you do at Saarj\u00e4rv in winter? Winter at Saarj\u00e4rve is anything but quiet \u2013 unless you want it to be. You can warm up in the sauna and dip into the icy lake, enjoy peaceful forest walks or snowshoe adventures, gather around a crackling fireplace with&hellip;<\/p>\n","protected":false},"author":2,"featured_media":0,"parent":0,"menu_order":0,"comment_status":"closed","ping_status":"closed","template":"","meta":{"_acf_changed":false,"footnotes":""},"class_list":["post-11731","page","type-page","status-publish","hentry"],"acf":[],"yoast_head":"<!-- This site is optimized with the Yoast SEO plugin v27.3 - https:\/\/yoast.com\/product\/yoast-seo-wordpress\/ -->\n<title>Winter Activities L\u00f5una-Eestis | Saarj\u00e4rve Puhkemaja \u2013 Privaatne j\u00e4rve\u00e4\u00e4rne villa L\u00f5una-Eestis<\/title>\n<meta name=\"robots\" content=\"index, follow, max-snippet:-1, max-image-preview:large, max-video-preview:-1\" \/>\n<link rel=\"canonical\" href=\"https:\/\/saarjarve.ee\/en\/winter-activities\/\" \/>\n<meta property=\"og:locale\" content=\"en_US\" \/>\n<meta property=\"og:type\" content=\"article\" \/>\n<meta property=\"og:title\" content=\"Winter Activities L\u00f5una-Eestis | Saarj\u00e4rve Puhkemaja \u2013 Privaatne j\u00e4rve\u00e4\u00e4rne villa L\u00f5una-Eestis\" \/>\n<meta property=\"og:description\" content=\"Activities Winter Activities at Saarj\u00e4rv What exciting things can you do at Saarj\u00e4rv in winter? Winter at Saarj\u00e4rve is anything but quiet \u2013 unless you want it to be. You can warm up in the sauna and dip into the icy lake, enjoy peaceful forest walks or snowshoe adventures, gather around a crackling fireplace with&hellip;\" \/>\n<meta property=\"og:url\" content=\"https:\/\/saarjarve.ee\/en\/winter-activities\/\" \/>\n<meta property=\"og:site_name\" content=\"Saarj\u00e4rve Puhkemaja \u2013 Privaatne j\u00e4rve\u00e4\u00e4rne villa L\u00f5una-Eestis\" \/>\n<meta property=\"article:publisher\" content=\"https:\/\/www.facebook.com\/saarjarve\" \/>\n<meta property=\"article:modified_time\" content=\"2026-02-11T22:10:07+00:00\" \/>\n<meta name=\"twitter:card\" content=\"summary_large_image\" \/>\n<meta name=\"twitter:label1\" content=\"Est. reading time\" \/>\n\t<meta name=\"twitter:data1\" content=\"1 minute\" \/>\n<script type=\"application\/ld+json\" class=\"yoast-schema-graph\">{\"@context\":\"https:\\\/\\\/schema.org\",\"@graph\":[{\"@type\":\"WebPage\",\"@id\":\"https:\\\/\\\/saarjarve.ee\\\/en\\\/winter-activities\\\/\",\"url\":\"https:\\\/\\\/saarjarve.ee\\\/en\\\/winter-activities\\\/\",\"name\":\"Winter Activities L\u00f5una-Eestis | Saarj\u00e4rve Puhkemaja \u2013 Privaatne j\u00e4rve\u00e4\u00e4rne villa L\u00f5una-Eestis\",\"isPartOf\":{\"@id\":\"https:\\\/\\\/saarjarve.ee\\\/#website\"},\"datePublished\":\"2025-10-22T15:56:13+00:00\",\"dateModified\":\"2026-02-11T22:10:07+00:00\",\"breadcrumb\":{\"@id\":\"https:\\\/\\\/saarjarve.ee\\\/en\\\/winter-activities\\\/#breadcrumb\"},\"inLanguage\":\"en-US\",\"potentialAction\":[{\"@type\":\"ReadAction\",\"target\":[\"https:\\\/\\\/saarjarve.ee\\\/en\\\/winter-activities\\\/\"]}]},{\"@type\":\"BreadcrumbList\",\"@id\":\"https:\\\/\\\/saarjarve.ee\\\/en\\\/winter-activities\\\/#breadcrumb\",\"itemListElement\":[{\"@type\":\"ListItem\",\"position\":1,\"name\":\"Home\",\"item\":\"https:\\\/\\\/saarjarve.ee\\\/en\\\/\"},{\"@type\":\"ListItem\",\"position\":2,\"name\":\"Winter Activities\"}]},{\"@type\":\"WebSite\",\"@id\":\"https:\\\/\\\/saarjarve.ee\\\/#website\",\"url\":\"https:\\\/\\\/saarjarve.ee\\\/\",\"name\":\"Saarj\u00e4rve Puhkemaja | Villa | J\u00e4rv | Mets | L\u00f5una-Eestis\",\"description\":\"Hubane ja stiilne puhkemaja L\u00f5una-Eesti metsade ja rabaj\u00e4rve \u00e4\u00e4res. Majutus, saun, toitlustus ja seminariv\u00f5imalused gruppidele \u2013 k\u00f5ik \u00fches looduskaunis kohas.\",\"publisher\":{\"@id\":\"https:\\\/\\\/saarjarve.ee\\\/#organization\"},\"potentialAction\":[{\"@type\":\"SearchAction\",\"target\":{\"@type\":\"EntryPoint\",\"urlTemplate\":\"https:\\\/\\\/saarjarve.ee\\\/?s={search_term_string}\"},\"query-input\":{\"@type\":\"PropertyValueSpecification\",\"valueRequired\":true,\"valueName\":\"search_term_string\"}}],\"inLanguage\":\"en-US\"},{\"@type\":\"Organization\",\"@id\":\"https:\\\/\\\/saarjarve.ee\\\/#organization\",\"name\":\"Saarj\u00e4rve Puhkemaja\",\"url\":\"https:\\\/\\\/saarjarve.ee\\\/\",\"logo\":{\"@type\":\"ImageObject\",\"inLanguage\":\"en-US\",\"@id\":\"https:\\\/\\\/saarjarve.ee\\\/#\\\/schema\\\/logo\\\/image\\\/\",\"url\":\"https:\\\/\\\/saarjarve.ee\\\/wp-content\\\/uploads\\\/2025\\\/02\\\/Saarjarve-Puhkemaja-Logo_taust-1500x1500-2025-EST.png\",\"contentUrl\":\"https:\\\/\\\/saarjarve.ee\\\/wp-content\\\/uploads\\\/2025\\\/02\\\/Saarjarve-Puhkemaja-Logo_taust-1500x1500-2025-EST.png\",\"width\":1563,\"height\":1563,\"caption\":\"Saarj\u00e4rve Puhkemaja\"},\"image\":{\"@id\":\"https:\\\/\\\/saarjarve.ee\\\/#\\\/schema\\\/logo\\\/image\\\/\"},\"sameAs\":[\"https:\\\/\\\/www.facebook.com\\\/saarjarve\",\"http:\\\/\\\/instagram.com\\\/saarjarve\"]}]}<\/script>\n<!-- \/ Yoast SEO plugin. -->","yoast_head_json":{"title":"Winter Activities L\u00f5una-Eestis | Saarj\u00e4rve Puhkemaja \u2013 Privaatne j\u00e4rve\u00e4\u00e4rne villa L\u00f5una-Eestis","robots":{"index":"index","follow":"follow","max-snippet":"max-snippet:-1","max-image-preview":"max-image-preview:large","max-video-preview":"max-video-preview:-1"},"canonical":"https:\/\/saarjarve.ee\/en\/winter-activities\/","og_locale":"en_US","og_type":"article","og_title":"Winter Activities L\u00f5una-Eestis | Saarj\u00e4rve Puhkemaja \u2013 Privaatne j\u00e4rve\u00e4\u00e4rne villa L\u00f5una-Eestis","og_description":"Activities Winter Activities at Saarj\u00e4rv What exciting things can you do at Saarj\u00e4rv in winter? Winter at Saarj\u00e4rve is anything but quiet \u2013 unless you want it to be. You can warm up in the sauna and dip into the icy lake, enjoy peaceful forest walks or snowshoe adventures, gather around a crackling fireplace with&hellip;","og_url":"https:\/\/saarjarve.ee\/en\/winter-activities\/","og_site_name":"Saarj\u00e4rve Puhkemaja \u2013 Privaatne j\u00e4rve\u00e4\u00e4rne villa L\u00f5una-Eestis","article_publisher":"https:\/\/www.facebook.com\/saarjarve","article_modified_time":"2026-02-11T22:10:07+00:00","twitter_card":"summary_large_image","twitter_misc":{"Est. reading time":"1 minute"},"schema":{"@context":"https:\/\/schema.org","@graph":[{"@type":"WebPage","@id":"https:\/\/saarjarve.ee\/en\/winter-activities\/","url":"https:\/\/saarjarve.ee\/en\/winter-activities\/","name":"Winter Activities L\u00f5una-Eestis | Saarj\u00e4rve Puhkemaja \u2013 Privaatne j\u00e4rve\u00e4\u00e4rne villa L\u00f5una-Eestis","isPartOf":{"@id":"https:\/\/saarjarve.ee\/#website"},"datePublished":"2025-10-22T15:56:13+00:00","dateModified":"2026-02-11T22:10:07+00:00","breadcrumb":{"@id":"https:\/\/saarjarve.ee\/en\/winter-activities\/#breadcrumb"},"inLanguage":"en-US","potentialAction":[{"@type":"ReadAction","target":["https:\/\/saarjarve.ee\/en\/winter-activities\/"]}]},{"@type":"BreadcrumbList","@id":"https:\/\/saarjarve.ee\/en\/winter-activities\/#breadcrumb","itemListElement":[{"@type":"ListItem","position":1,"name":"Home","item":"https:\/\/saarjarve.ee\/en\/"},{"@type":"ListItem","position":2,"name":"Winter Activities"}]},{"@type":"WebSite","@id":"https:\/\/saarjarve.ee\/#website","url":"https:\/\/saarjarve.ee\/","name":"Saarj\u00e4rve Puhkemaja | Villa | J\u00e4rv | Mets | L\u00f5una-Eestis","description":"Hubane ja stiilne puhkemaja L\u00f5una-Eesti metsade ja rabaj\u00e4rve \u00e4\u00e4res. Majutus, saun, toitlustus ja seminariv\u00f5imalused gruppidele \u2013 k\u00f5ik \u00fches looduskaunis kohas.","publisher":{"@id":"https:\/\/saarjarve.ee\/#organization"},"potentialAction":[{"@type":"SearchAction","target":{"@type":"EntryPoint","urlTemplate":"https:\/\/saarjarve.ee\/?s={search_term_string}"},"query-input":{"@type":"PropertyValueSpecification","valueRequired":true,"valueName":"search_term_string"}}],"inLanguage":"en-US"},{"@type":"Organization","@id":"https:\/\/saarjarve.ee\/#organization","name":"Saarj\u00e4rve Puhkemaja","url":"https:\/\/saarjarve.ee\/","logo":{"@type":"ImageObject","inLanguage":"en-US","@id":"https:\/\/saarjarve.ee\/#\/schema\/logo\/image\/","url":"https:\/\/saarjarve.ee\/wp-content\/uploads\/2025\/02\/Saarjarve-Puhkemaja-Logo_taust-1500x1500-2025-EST.png","contentUrl":"https:\/\/saarjarve.ee\/wp-content\/uploads\/2025\/02\/Saarjarve-Puhkemaja-Logo_taust-1500x1500-2025-EST.png","width":1563,"height":1563,"caption":"Saarj\u00e4rve Puhkemaja"},"image":{"@id":"https:\/\/saarjarve.ee\/#\/schema\/logo\/image\/"},"sameAs":["https:\/\/www.facebook.com\/saarjarve","http:\/\/instagram.com\/saarjarve"]}]}},"_links":{"self":[{"href":"https:\/\/saarjarve.ee\/en\/wp-json\/wp\/v2\/pages\/11731","targetHints":{"allow":["GET"]}}],"collection":[{"href":"https:\/\/saarjarve.ee\/en\/wp-json\/wp\/v2\/pages"}],"about":[{"href":"https:\/\/saarjarve.ee\/en\/wp-json\/wp\/v2\/types\/page"}],"author":[{"embeddable":true,"href":"https:\/\/saarjarve.ee\/en\/wp-json\/wp\/v2\/users\/2"}],"replies":[{"embeddable":true,"href":"https:\/\/saarjarve.ee\/en\/wp-json\/wp\/v2\/comments?post=11731"}],"version-history":[{"count":4,"href":"https:\/\/saarjarve.ee\/en\/wp-json\/wp\/v2\/pages\/11731\/revisions"}],"predecessor-version":[{"id":11742,"href":"https:\/\/saarjarve.ee\/en\/wp-json\/wp\/v2\/pages\/11731\/revisions\/11742"}],"wp:attachment":[{"href":"https:\/\/saarjarve.ee\/en\/wp-json\/wp\/v2\/media?parent=11731"}],"curies":[{"name":"wp","href":"https:\/\/api.w.org\/{rel}","templated":true}]}}