{"id":11962,"date":"2021-02-15T14:50:54","date_gmt":"2021-02-15T14:50:54","guid":{"rendered":"https:\/\/saarjarve.ee\/gdpr\/"},"modified":"2026-04-01T06:18:32","modified_gmt":"2026-04-01T06:18:32","slug":"gdpr","status":"publish","type":"page","link":"https:\/\/saarjarve.ee\/en\/gdpr\/","title":{"rendered":"Privacy &#038; Cookie Policy"},"content":{"rendered":"<div class=\"wpb-content-wrapper\"><h3><strong>1. Principles of Data Processing<\/strong><\/h3>\n<p>1.1. The principles of data processing apply to users of the Saarj\u00e4rve Holiday Home website.<\/p>\n<p>Our company processes personal data solely for the purpose of providing services to you (organising seminars, corporate events, anniversaries, weddings or other events, providing accommodation, or subscribing to newsletters). We do not transfer, sell or disclose your data to third parties without your prior consent, except in cases provided by law.<\/p>\n<h4>Data collection<\/h4>\n<h5>We collect data when completing booking forms for accommodation and sauna services.<\/h5>\n<p>1.2. When filling out forms, the data provided by the Customer is divided into mandatory and voluntary data.<\/p>\n<p>1.3. The Customer is required to provide the following mandatory data:<br \/>\n1.3.1. Name \u2013 required to complete and ensure the booking;<br \/>\n1.3.2. Email address \u2013 required to complete the booking and, if necessary, issue invoices;<br \/>\n1.3.3. Phone number \u2013 required to complete and ensure the booking, including communication regarding service-related issues.<\/p>\n<h4>Data collection when subscribing to email<\/h4>\n<p>1.4. The following data must be provided:<br \/>\n1.4.1. Email address is required when subscribing.<\/p>\n<p>1.5. By giving separate consent for data processing, the Customer agrees to the use of their contact details for direct marketing purposes, meaning they may receive marketing communications via the provided contact details.<\/p>\n<p>1.6. The Customer has the right to withdraw consent to receive direct marketing communications at any time. Instructions for unsubscribing are included in each communication.<\/p>\n<p>1.7. The data controller is Kodu Rand O\u00dc, registration code 12960521, located at Saarj\u00e4rve, Viira village, R\u00e4pina parish, P\u00f5lva county 64224, Estonia.<\/p>\n<h4>Data retention period<\/h4>\n<p>1.8. Kodu Rand O\u00dc retains data for as long as necessary to fulfill the purpose of processing or until statutory limitation periods expire, and in accordance with legal document retention requirements (7 years under VAT and Accounting Acts).<\/p>\n<h4>Customer rights regarding data processing<\/h4>\n<p>1.9. The Customer has the right to receive information about the use of their data in accordance with applicable laws;<\/p>\n<p>1.10. The Customer has the right to request termination of data processing and correction, restriction, or deletion of their data;<\/p>\n<p>1.11. The Customer has the right to consent to or refuse the use of their data for direct marketing purposes;<\/p>\n<p>1.12. The Customer has the right to contact the Data Protection Inspectorate or a court to protect their rights;<\/p>\n<p>1.13. For any questions regarding personal data, you may contact us at info@saarjarve.ee or call +372 5196 8585.<\/p>\n<p>&#8212;<\/p>\n<h3>2. Cookie Policy<\/h3>\n<h4>Use of cookies<\/h4>\n<p>2.1. To provide better service, Saarj\u00e4rve Holiday Home websites use cookies.<\/p>\n<p>2.2. Domains belonging to Saarj\u00e4rve Holiday Home may also include elements that store cookies on behalf of third parties.<\/p>\n<h4>Refusing cookies<\/h4>\n<p>2.3. Users have the right to refuse the storage of cookies on their device. To do so, the Customer must change their browser settings.<\/p>\n<p>2.4. Different browsers use different methods to disable cookies. More information can be found at<br \/>\n<a href=\"http:\/\/www.aki.ee\/et\/kupsised\" target=\"_blank\" rel=\"noopener\">http:\/\/www.aki.ee\/et\/kupsised<\/a><br \/>\nor in English at<br \/>\n<a href=\"http:\/\/www.allaboutcookies.org\/\" target=\"_blank\" rel=\"noopener\">http:\/\/www.allaboutcookies.org\/<\/a>.<\/p>\n<p>2.5. By blocking cookies, the User should be aware that not all website functions may be available.<\/p>\n<h4>What is a cookie?<\/h4>\n<p>2.6. A cookie is a text file sent and stored on the User\u2019s computer by websites visited by the User. Cookies are stored in the browser\u2019s file directory. If the User has previously visited the website, the browser reads the cookie and transmits the information to the website or element that originally stored it. More information is available at<br \/>\n<a href=\"http:\/\/www.aki.ee\/et\/kupsised\" target=\"_blank\" rel=\"noopener\">www.aki.ee\/et\/kupsised<\/a><br \/>\nor in English at<br \/>\n<a href=\"http:\/\/www.allaboutcookies.org\/\" target=\"_blank\" rel=\"noopener\">http:\/\/www.allaboutcookies.org\/<\/a>.<\/p>\n<p>2.7. Cookies allow tracking of website usage statistics, popularity of sections, and other activities on the website. The information obtained is used to improve usability and content.<\/p>\n<h4>Types of cookies used on the website<\/h4>\n<p>2.8. Persistent cookies are essential for navigating the website and using its functions. Without them, the User cannot use all features of the website.<\/p>\n<p>2.9. Session cookies allow the website to remember previous choices made by the User (such as username, language, etc.), enabling more efficient and personalized functionality.<\/p>\n<p>2.10. Tracking cookies collect data about User behaviour on the website. This information helps improve the usability of the website.[\/vc_column_text][\/vc_column][\/vc_row]<\/p>\n<\/div>","protected":false},"excerpt":{"rendered":"<p>1. Principles of Data Processing 1.1. The principles of data processing apply to users of the Saarj\u00e4rve Holiday Home website. Our company processes personal data solely for the purpose of providing services to you (organising seminars, corporate events, anniversaries, weddings or other events, providing accommodation, or subscribing to newsletters). We do not transfer, sell or&hellip;<\/p>\n","protected":false},"author":2,"featured_media":9387,"parent":0,"menu_order":0,"comment_status":"closed","ping_status":"closed","template":"","meta":{"_acf_changed":false,"footnotes":""},"class_list":["post-11962","page","type-page","status-publish","has-post-thumbnail","hentry"],"acf":[],"yoast_head":"<!-- This site is optimized with the Yoast SEO plugin v27.3 - https:\/\/yoast.com\/product\/yoast-seo-wordpress\/ -->\n<title>Privacy &amp; Cookie Policy | Saarj\u00e4rve Puhkemaja \u2013 Privaatne j\u00e4rve\u00e4\u00e4rne villa L\u00f5una-Eestis<\/title>\n<meta name=\"robots\" content=\"index, follow, max-snippet:-1, max-image-preview:large, max-video-preview:-1\" \/>\n<link rel=\"canonical\" href=\"https:\/\/saarjarve.ee\/en\/gdpr\/\" \/>\n<meta property=\"og:locale\" content=\"en_US\" \/>\n<meta property=\"og:type\" content=\"article\" \/>\n<meta property=\"og:title\" content=\"Privacy &amp; Cookie Policy | Saarj\u00e4rve Puhkemaja \u2013 Privaatne j\u00e4rve\u00e4\u00e4rne villa L\u00f5una-Eestis\" \/>\n<meta property=\"og:description\" content=\"1. Principles of Data Processing 1.1. The principles of data processing apply to users of the Saarj\u00e4rve Holiday Home website. Our company processes personal data solely for the purpose of providing services to you (organising seminars, corporate events, anniversaries, weddings or other events, providing accommodation, or subscribing to newsletters). We do not transfer, sell or&hellip;\" \/>\n<meta property=\"og:url\" content=\"https:\/\/saarjarve.ee\/en\/gdpr\/\" \/>\n<meta property=\"og:site_name\" content=\"Saarj\u00e4rve Puhkemaja \u2013 Privaatne j\u00e4rve\u00e4\u00e4rne villa L\u00f5una-Eestis\" \/>\n<meta property=\"article:publisher\" content=\"https:\/\/www.facebook.com\/saarjarve\" \/>\n<meta property=\"article:modified_time\" content=\"2026-04-01T06:18:32+00:00\" \/>\n<meta property=\"og:image\" content=\"https:\/\/saarjarve.ee\/wp-content\/uploads\/2025\/02\/Saarjarve-Puhkemaja-Droon-idast-2024-scaled-e1738746222442.jpeg\" \/>\n\t<meta property=\"og:image:width\" content=\"2206\" \/>\n\t<meta property=\"og:image:height\" content=\"1476\" \/>\n\t<meta property=\"og:image:type\" content=\"image\/jpeg\" \/>\n<meta name=\"twitter:card\" content=\"summary_large_image\" \/>\n<meta name=\"twitter:label1\" content=\"Est. reading time\" \/>\n\t<meta name=\"twitter:data1\" content=\"4 minutes\" \/>\n<script type=\"application\/ld+json\" class=\"yoast-schema-graph\">{\"@context\":\"https:\\\/\\\/schema.org\",\"@graph\":[{\"@type\":\"WebPage\",\"@id\":\"https:\\\/\\\/saarjarve.ee\\\/en\\\/gdpr\\\/\",\"url\":\"https:\\\/\\\/saarjarve.ee\\\/en\\\/gdpr\\\/\",\"name\":\"Privacy & Cookie Policy | Saarj\u00e4rve Puhkemaja \u2013 Privaatne j\u00e4rve\u00e4\u00e4rne villa L\u00f5una-Eestis\",\"isPartOf\":{\"@id\":\"https:\\\/\\\/saarjarve.ee\\\/#website\"},\"primaryImageOfPage\":{\"@id\":\"https:\\\/\\\/saarjarve.ee\\\/en\\\/gdpr\\\/#primaryimage\"},\"image\":{\"@id\":\"https:\\\/\\\/saarjarve.ee\\\/en\\\/gdpr\\\/#primaryimage\"},\"thumbnailUrl\":\"https:\\\/\\\/saarjarve.ee\\\/wp-content\\\/uploads\\\/2025\\\/02\\\/Saarjarve-Puhkemaja-Droon-idast-2024-scaled-e1738746222442.jpeg\",\"datePublished\":\"2021-02-15T14:50:54+00:00\",\"dateModified\":\"2026-04-01T06:18:32+00:00\",\"breadcrumb\":{\"@id\":\"https:\\\/\\\/saarjarve.ee\\\/en\\\/gdpr\\\/#breadcrumb\"},\"inLanguage\":\"en-US\",\"potentialAction\":[{\"@type\":\"ReadAction\",\"target\":[\"https:\\\/\\\/saarjarve.ee\\\/en\\\/gdpr\\\/\"]}]},{\"@type\":\"ImageObject\",\"inLanguage\":\"en-US\",\"@id\":\"https:\\\/\\\/saarjarve.ee\\\/en\\\/gdpr\\\/#primaryimage\",\"url\":\"https:\\\/\\\/saarjarve.ee\\\/wp-content\\\/uploads\\\/2025\\\/02\\\/Saarjarve-Puhkemaja-Droon-idast-2024-scaled-e1738746222442.jpeg\",\"contentUrl\":\"https:\\\/\\\/saarjarve.ee\\\/wp-content\\\/uploads\\\/2025\\\/02\\\/Saarjarve-Puhkemaja-Droon-idast-2024-scaled-e1738746222442.jpeg\",\"width\":2206,\"height\":1476},{\"@type\":\"BreadcrumbList\",\"@id\":\"https:\\\/\\\/saarjarve.ee\\\/en\\\/gdpr\\\/#breadcrumb\",\"itemListElement\":[{\"@type\":\"ListItem\",\"position\":1,\"name\":\"Home\",\"item\":\"https:\\\/\\\/saarjarve.ee\\\/en\\\/\"},{\"@type\":\"ListItem\",\"position\":2,\"name\":\"Privacy &#038; Cookie Policy\"}]},{\"@type\":\"WebSite\",\"@id\":\"https:\\\/\\\/saarjarve.ee\\\/#website\",\"url\":\"https:\\\/\\\/saarjarve.ee\\\/\",\"name\":\"Saarj\u00e4rve Puhkemaja | Villa | J\u00e4rv | Mets | L\u00f5una-Eestis\",\"description\":\"Hubane ja stiilne puhkemaja L\u00f5una-Eesti metsade ja rabaj\u00e4rve \u00e4\u00e4res. Majutus, saun, toitlustus ja seminariv\u00f5imalused gruppidele \u2013 k\u00f5ik \u00fches looduskaunis kohas.\",\"publisher\":{\"@id\":\"https:\\\/\\\/saarjarve.ee\\\/#organization\"},\"potentialAction\":[{\"@type\":\"SearchAction\",\"target\":{\"@type\":\"EntryPoint\",\"urlTemplate\":\"https:\\\/\\\/saarjarve.ee\\\/?s={search_term_string}\"},\"query-input\":{\"@type\":\"PropertyValueSpecification\",\"valueRequired\":true,\"valueName\":\"search_term_string\"}}],\"inLanguage\":\"en-US\"},{\"@type\":\"Organization\",\"@id\":\"https:\\\/\\\/saarjarve.ee\\\/#organization\",\"name\":\"Saarj\u00e4rve Puhkemaja\",\"url\":\"https:\\\/\\\/saarjarve.ee\\\/\",\"logo\":{\"@type\":\"ImageObject\",\"inLanguage\":\"en-US\",\"@id\":\"https:\\\/\\\/saarjarve.ee\\\/#\\\/schema\\\/logo\\\/image\\\/\",\"url\":\"https:\\\/\\\/saarjarve.ee\\\/wp-content\\\/uploads\\\/2025\\\/02\\\/Saarjarve-Puhkemaja-Logo_taust-1500x1500-2025-EST.png\",\"contentUrl\":\"https:\\\/\\\/saarjarve.ee\\\/wp-content\\\/uploads\\\/2025\\\/02\\\/Saarjarve-Puhkemaja-Logo_taust-1500x1500-2025-EST.png\",\"width\":1563,\"height\":1563,\"caption\":\"Saarj\u00e4rve Puhkemaja\"},\"image\":{\"@id\":\"https:\\\/\\\/saarjarve.ee\\\/#\\\/schema\\\/logo\\\/image\\\/\"},\"sameAs\":[\"https:\\\/\\\/www.facebook.com\\\/saarjarve\",\"http:\\\/\\\/instagram.com\\\/saarjarve\"]}]}<\/script>\n<!-- \/ Yoast SEO plugin. -->","yoast_head_json":{"title":"Privacy & Cookie Policy | Saarj\u00e4rve Puhkemaja \u2013 Privaatne j\u00e4rve\u00e4\u00e4rne villa L\u00f5una-Eestis","robots":{"index":"index","follow":"follow","max-snippet":"max-snippet:-1","max-image-preview":"max-image-preview:large","max-video-preview":"max-video-preview:-1"},"canonical":"https:\/\/saarjarve.ee\/en\/gdpr\/","og_locale":"en_US","og_type":"article","og_title":"Privacy & Cookie Policy | Saarj\u00e4rve Puhkemaja \u2013 Privaatne j\u00e4rve\u00e4\u00e4rne villa L\u00f5una-Eestis","og_description":"1. Principles of Data Processing 1.1. The principles of data processing apply to users of the Saarj\u00e4rve Holiday Home website. Our company processes personal data solely for the purpose of providing services to you (organising seminars, corporate events, anniversaries, weddings or other events, providing accommodation, or subscribing to newsletters). We do not transfer, sell or&hellip;","og_url":"https:\/\/saarjarve.ee\/en\/gdpr\/","og_site_name":"Saarj\u00e4rve Puhkemaja \u2013 Privaatne j\u00e4rve\u00e4\u00e4rne villa L\u00f5una-Eestis","article_publisher":"https:\/\/www.facebook.com\/saarjarve","article_modified_time":"2026-04-01T06:18:32+00:00","og_image":[{"width":2206,"height":1476,"url":"https:\/\/saarjarve.ee\/wp-content\/uploads\/2025\/02\/Saarjarve-Puhkemaja-Droon-idast-2024-scaled-e1738746222442.jpeg","type":"image\/jpeg"}],"twitter_card":"summary_large_image","twitter_misc":{"Est. reading time":"4 minutes"},"schema":{"@context":"https:\/\/schema.org","@graph":[{"@type":"WebPage","@id":"https:\/\/saarjarve.ee\/en\/gdpr\/","url":"https:\/\/saarjarve.ee\/en\/gdpr\/","name":"Privacy & Cookie Policy | Saarj\u00e4rve Puhkemaja \u2013 Privaatne j\u00e4rve\u00e4\u00e4rne villa L\u00f5una-Eestis","isPartOf":{"@id":"https:\/\/saarjarve.ee\/#website"},"primaryImageOfPage":{"@id":"https:\/\/saarjarve.ee\/en\/gdpr\/#primaryimage"},"image":{"@id":"https:\/\/saarjarve.ee\/en\/gdpr\/#primaryimage"},"thumbnailUrl":"https:\/\/saarjarve.ee\/wp-content\/uploads\/2025\/02\/Saarjarve-Puhkemaja-Droon-idast-2024-scaled-e1738746222442.jpeg","datePublished":"2021-02-15T14:50:54+00:00","dateModified":"2026-04-01T06:18:32+00:00","breadcrumb":{"@id":"https:\/\/saarjarve.ee\/en\/gdpr\/#breadcrumb"},"inLanguage":"en-US","potentialAction":[{"@type":"ReadAction","target":["https:\/\/saarjarve.ee\/en\/gdpr\/"]}]},{"@type":"ImageObject","inLanguage":"en-US","@id":"https:\/\/saarjarve.ee\/en\/gdpr\/#primaryimage","url":"https:\/\/saarjarve.ee\/wp-content\/uploads\/2025\/02\/Saarjarve-Puhkemaja-Droon-idast-2024-scaled-e1738746222442.jpeg","contentUrl":"https:\/\/saarjarve.ee\/wp-content\/uploads\/2025\/02\/Saarjarve-Puhkemaja-Droon-idast-2024-scaled-e1738746222442.jpeg","width":2206,"height":1476},{"@type":"BreadcrumbList","@id":"https:\/\/saarjarve.ee\/en\/gdpr\/#breadcrumb","itemListElement":[{"@type":"ListItem","position":1,"name":"Home","item":"https:\/\/saarjarve.ee\/en\/"},{"@type":"ListItem","position":2,"name":"Privacy &#038; Cookie Policy"}]},{"@type":"WebSite","@id":"https:\/\/saarjarve.ee\/#website","url":"https:\/\/saarjarve.ee\/","name":"Saarj\u00e4rve Puhkemaja | Villa | J\u00e4rv | Mets | L\u00f5una-Eestis","description":"Hubane ja stiilne puhkemaja L\u00f5una-Eesti metsade ja rabaj\u00e4rve \u00e4\u00e4res. Majutus, saun, toitlustus ja seminariv\u00f5imalused gruppidele \u2013 k\u00f5ik \u00fches looduskaunis kohas.","publisher":{"@id":"https:\/\/saarjarve.ee\/#organization"},"potentialAction":[{"@type":"SearchAction","target":{"@type":"EntryPoint","urlTemplate":"https:\/\/saarjarve.ee\/?s={search_term_string}"},"query-input":{"@type":"PropertyValueSpecification","valueRequired":true,"valueName":"search_term_string"}}],"inLanguage":"en-US"},{"@type":"Organization","@id":"https:\/\/saarjarve.ee\/#organization","name":"Saarj\u00e4rve Puhkemaja","url":"https:\/\/saarjarve.ee\/","logo":{"@type":"ImageObject","inLanguage":"en-US","@id":"https:\/\/saarjarve.ee\/#\/schema\/logo\/image\/","url":"https:\/\/saarjarve.ee\/wp-content\/uploads\/2025\/02\/Saarjarve-Puhkemaja-Logo_taust-1500x1500-2025-EST.png","contentUrl":"https:\/\/saarjarve.ee\/wp-content\/uploads\/2025\/02\/Saarjarve-Puhkemaja-Logo_taust-1500x1500-2025-EST.png","width":1563,"height":1563,"caption":"Saarj\u00e4rve Puhkemaja"},"image":{"@id":"https:\/\/saarjarve.ee\/#\/schema\/logo\/image\/"},"sameAs":["https:\/\/www.facebook.com\/saarjarve","http:\/\/instagram.com\/saarjarve"]}]}},"_links":{"self":[{"href":"https:\/\/saarjarve.ee\/en\/wp-json\/wp\/v2\/pages\/11962","targetHints":{"allow":["GET"]}}],"collection":[{"href":"https:\/\/saarjarve.ee\/en\/wp-json\/wp\/v2\/pages"}],"about":[{"href":"https:\/\/saarjarve.ee\/en\/wp-json\/wp\/v2\/types\/page"}],"author":[{"embeddable":true,"href":"https:\/\/saarjarve.ee\/en\/wp-json\/wp\/v2\/users\/2"}],"replies":[{"embeddable":true,"href":"https:\/\/saarjarve.ee\/en\/wp-json\/wp\/v2\/comments?post=11962"}],"version-history":[{"count":6,"href":"https:\/\/saarjarve.ee\/en\/wp-json\/wp\/v2\/pages\/11962\/revisions"}],"predecessor-version":[{"id":11970,"href":"https:\/\/saarjarve.ee\/en\/wp-json\/wp\/v2\/pages\/11962\/revisions\/11970"}],"wp:featuredmedia":[{"embeddable":true,"href":"https:\/\/saarjarve.ee\/en\/wp-json\/wp\/v2\/media\/9387"}],"wp:attachment":[{"href":"https:\/\/saarjarve.ee\/en\/wp-json\/wp\/v2\/media?parent=11962"}],"curies":[{"name":"wp","href":"https:\/\/api.w.org\/{rel}","templated":true}]}}