{"id":12015,"date":"2026-04-09T08:06:28","date_gmt":"2026-04-09T08:06:28","guid":{"rendered":"https:\/\/saarjarve.ee\/joogikaart\/"},"modified":"2026-04-09T08:27:28","modified_gmt":"2026-04-09T08:27:28","slug":"drinklist","status":"publish","type":"page","link":"https:\/\/saarjarve.ee\/en\/drinklist\/","title":{"rendered":"Drinks"},"content":{"rendered":"\t\t<div data-elementor-type=\"wp-page\" data-elementor-id=\"12015\" class=\"elementor elementor-12015 elementor-12003\" data-elementor-post-type=\"page\">\n\t\t\t\t<div class=\"elementor-element elementor-element-23cf09e e-flex e-con-boxed e-con e-parent\" data-id=\"23cf09e\" data-element_type=\"container\" data-e-type=\"container\" data-settings=\"{&quot;background_background&quot;:&quot;classic&quot;}\">\n\t\t\t\t\t<div class=\"e-con-inner\">\n\t\t<div class=\"elementor-element elementor-element-bd73a50 e-con-full e-flex e-con e-child\" data-id=\"bd73a50\" data-element_type=\"container\" data-e-type=\"container\">\n\t\t<div class=\"elementor-element elementor-element-813f9e3 e-flex e-con-boxed e-con e-child\" data-id=\"813f9e3\" data-element_type=\"container\" data-e-type=\"container\">\n\t\t\t\t\t<div class=\"e-con-inner\">\n\t\t\t\t<div class=\"elementor-element elementor-element-0841086 elementor-widget__width-auto elementor-widget-divider--view-line_text animated-fast elementor-widget-divider--element-align-center elementor-invisible elementor-widget elementor-widget-divider\" data-id=\"0841086\" data-element_type=\"widget\" data-e-type=\"widget\" data-settings=\"{&quot;_animation&quot;:&quot;fadeInUp&quot;,&quot;_animation_mobile&quot;:&quot;none&quot;}\" data-widget_type=\"divider.default\">\n\t\t\t\t<div class=\"elementor-widget-container\">\n\t\t\t\t\t\t\t<div class=\"elementor-divider\">\n\t\t\t<span class=\"elementor-divider-separator\">\n\t\t\t\t\t\t\t<span class=\"elementor-divider__text elementor-divider__element\">\n\t\t\t\tTule k\u00e4ed taskus\t\t\t\t<\/span>\n\t\t\t\t\t\t<\/span>\n\t\t<\/div>\n\t\t\t\t\t\t<\/div>\n\t\t\t\t<\/div>\n\t\t\t\t<div class=\"elementor-element elementor-element-4bd0998 animated-fast elementor-invisible elementor-widget elementor-widget-heading\" data-id=\"4bd0998\" data-element_type=\"widget\" data-e-type=\"widget\" data-settings=\"{&quot;_animation_delay&quot;:50,&quot;_animation&quot;:&quot;fadeInUp&quot;,&quot;_animation_mobile&quot;:&quot;none&quot;}\" data-widget_type=\"heading.default\">\n\t\t\t\t<div class=\"elementor-widget-container\">\n\t\t\t\t\t<h1 class=\"elementor-heading-title elementor-size-default\">Joogikaart<\/h1>\t\t\t\t<\/div>\n\t\t\t\t<\/div>\n\t\t\t\t\t<\/div>\n\t\t\t\t<\/div>\n\t\t\t\t<\/div>\n\t\t\t\t\t<\/div>\n\t\t\t\t<\/div>\n\t\t<div class=\"elementor-element elementor-element-133d7bf e-flex e-con-boxed e-con e-parent\" data-id=\"133d7bf\" data-element_type=\"container\" data-e-type=\"container\">\n\t\t\t\t\t<div class=\"e-con-inner\">\n\t\t<div class=\"elementor-element elementor-element-c2e4ac8 e-grid e-con-full e-con e-child\" data-id=\"c2e4ac8\" data-element_type=\"container\" data-e-type=\"container\">\n\t\t\t\t<div class=\"elementor-element elementor-element-6d70248 elementor-widget elementor-widget-text-editor\" data-id=\"6d70248\" data-element_type=\"widget\" data-e-type=\"widget\" data-widget_type=\"text-editor.default\">\n\t\t\t\t<div class=\"elementor-widget-container\">\n\t\t\t\t\t\t\t\t\t<h2>Drinks Menu &amp; Bringing Your Own Drinks<\/h2><blockquote><p><em>If you have chosen a catering package at Saarj\u00e4rve Holiday Home, bringing your own drinks is not permitted.<br \/>If you wish to bring your own food and drinks, an additional fee of \u20ac500 will be added to the rental price.<br \/><a href=\"https:\/\/saarjarve.ee\/en\/saarjarve-guest-guide\/\" target=\"_blank\" rel=\"noopener\">Learn more about our rental terms &gt;&gt;&gt;<\/a><\/em><\/p><\/blockquote><h3>Drinks Available On-Site<\/h3><p>At Saarj\u00e4rve, we offer a self-service fridge with a selection of wines, ciders, beers, craft beers, and spirits.<\/p><p>The key to the self-service fridge is given to the event organizer, and consumed drinks are settled after the event.<\/p><p>By prior arrangement, we can also set up a self-service bar, including:<\/p><ul><li>glassware<\/li><li>ice<\/li><li>limes and lemons<\/li><li>basic bar equipment<\/li><\/ul><p>This service is included in the drink prices of the self-service fridge.<\/p><h3>Special Orders &amp; Custom Selection<\/h3><p>If you would like larger quantities or specific drinks, please let us know in advance.<br \/>We work with different suppliers and can arrange special orders for your event.<\/p><h3>Bartender &amp; Service Option<\/h3><p>If you prefer a fully serviced experience, we can provide a bartender or service staff for your event (additional cost applies).<\/p><ul><li>Bartender service is charged hourly<\/li><li>Cocktails typically range from \u20ac3\u2013\u20ac5, depending on ingredients (price incl. VAT)<\/li><\/ul><h3>Dinner Without Accommodation<\/h3><p>If you are booking dinner only (without accommodation), we will provide a separate drinks menu, which already includes service costs.<\/p>\t\t\t\t\t\t\t\t<\/div>\n\t\t\t\t<\/div>\n\t\t\t\t<div class=\"elementor-element elementor-element-97ed1e9 elementor-widget elementor-widget-image\" data-id=\"97ed1e9\" data-element_type=\"widget\" data-e-type=\"widget\" data-widget_type=\"image.default\">\n\t\t\t\t<div class=\"elementor-widget-container\">\n\t\t\t\t\t\t\t\t\t\t\t\t\t\t\t<img fetchpriority=\"high\" decoding=\"async\" width=\"768\" height=\"1024\" src=\"https:\/\/saarjarve.ee\/wp-content\/uploads\/2025\/10\/Saarjarve-Puhkemaja-Talvepaevad-1-1-768x1024.jpeg\" class=\"attachment-large size-large wp-image-9995\" alt=\"\" srcset=\"https:\/\/saarjarve.ee\/wp-content\/uploads\/2025\/10\/Saarjarve-Puhkemaja-Talvepaevad-1-1-768x1024.jpeg 768w, https:\/\/saarjarve.ee\/wp-content\/uploads\/2025\/10\/Saarjarve-Puhkemaja-Talvepaevad-1-1-225x300.jpeg 225w, https:\/\/saarjarve.ee\/wp-content\/uploads\/2025\/10\/Saarjarve-Puhkemaja-Talvepaevad-1-1-1152x1536.jpeg 1152w, https:\/\/saarjarve.ee\/wp-content\/uploads\/2025\/10\/Saarjarve-Puhkemaja-Talvepaevad-1-1-1536x2048.jpeg 1536w, https:\/\/saarjarve.ee\/wp-content\/uploads\/2025\/10\/Saarjarve-Puhkemaja-Talvepaevad-1-1-scaled.jpeg 1920w\" sizes=\"(max-width: 768px) 100vw, 768px\" \/>\t\t\t\t\t\t\t\t\t\t\t\t\t\t\t<\/div>\n\t\t\t\t<\/div>\n\t\t\t\t<div class=\"elementor-element elementor-element-27720e4 elementor-widget elementor-widget-button\" data-id=\"27720e4\" data-element_type=\"widget\" data-e-type=\"widget\" data-widget_type=\"button.default\">\n\t\t\t\t<div class=\"elementor-widget-container\">\n\t\t\t\t\t\t\t\t\t<div class=\"elementor-button-wrapper\">\n\t\t\t\t\t<a class=\"elementor-button elementor-button-link elementor-size-sm\" href=\"https:\/\/saarjarve.ee\/wp-content\/uploads\/2026\/01\/Saarjarve-Puhkemaja-jookide-hinnakiri-01.04.2026.pdf\" target=\"_blank\">\n\t\t\t\t\t\t<span class=\"elementor-button-content-wrapper\">\n\t\t\t\t\t\t\t\t\t<span class=\"elementor-button-text\">Download Drinks Price List<\/span>\n\t\t\t\t\t<\/span>\n\t\t\t\t\t<\/a>\n\t\t\t\t<\/div>\n\t\t\t\t\t\t\t\t<\/div>\n\t\t\t\t<\/div>\n\t\t\t\t<\/div>\n\t\t\t\t\t<\/div>\n\t\t\t\t<\/div>\n\t\t<div class=\"elementor-element elementor-element-8bfc05b e-flex e-con-boxed e-con e-parent\" data-id=\"8bfc05b\" data-element_type=\"container\" data-e-type=\"container\">\n\t\t\t\t\t<div class=\"e-con-inner\">\n\t\t\t\t<div class=\"elementor-element elementor-element-bf3f54b elementor-widget elementor-widget-gallery\" data-id=\"bf3f54b\" data-element_type=\"widget\" data-e-type=\"widget\" data-settings=\"{&quot;gallery_layout&quot;:&quot;masonry&quot;,&quot;columns&quot;:3,&quot;lazyload&quot;:&quot;yes&quot;,&quot;columns_tablet&quot;:2,&quot;columns_mobile&quot;:1,&quot;gap&quot;:{&quot;unit&quot;:&quot;px&quot;,&quot;size&quot;:10,&quot;sizes&quot;:[]},&quot;gap_widescreen&quot;:{&quot;unit&quot;:&quot;px&quot;,&quot;size&quot;:&quot;&quot;,&quot;sizes&quot;:[]},&quot;gap_laptop&quot;:{&quot;unit&quot;:&quot;px&quot;,&quot;size&quot;:10,&quot;sizes&quot;:[]},&quot;gap_tablet_extra&quot;:{&quot;unit&quot;:&quot;px&quot;,&quot;size&quot;:10,&quot;sizes&quot;:[]},&quot;gap_tablet&quot;:{&quot;unit&quot;:&quot;px&quot;,&quot;size&quot;:10,&quot;sizes&quot;:[]},&quot;gap_mobile_extra&quot;:{&quot;unit&quot;:&quot;px&quot;,&quot;size&quot;:10,&quot;sizes&quot;:[]},&quot;gap_mobile&quot;:{&quot;unit&quot;:&quot;px&quot;,&quot;size&quot;:10,&quot;sizes&quot;:[]},&quot;link_to&quot;:&quot;file&quot;,&quot;overlay_background&quot;:&quot;yes&quot;,&quot;content_hover_animation&quot;:&quot;fade-in&quot;}\" data-widget_type=\"gallery.default\">\n\t\t\t\t<div class=\"elementor-widget-container\">\n\t\t\t\t\t\t\t<div class=\"elementor-gallery__container\">\n\t\t\t\t\t\t\t<a class=\"e-gallery-item elementor-gallery-item elementor-animated-content\" href=\"https:\/\/saarjarve.ee\/wp-content\/uploads\/2026\/02\/2025-peamaja-terrass-baar-sygisel-1.jpeg\" data-elementor-open-lightbox=\"yes\" data-elementor-lightbox-slideshow=\"bf3f54b\" data-elementor-lightbox-title=\"2025 peamaja terrass baar sygisel - 1\" data-e-action-hash=\"#elementor-action%3Aaction%3Dlightbox%26settings%3DeyJpZCI6MTE0OTMsInVybCI6Imh0dHBzOlwvXC9zYWFyamFydmUuZWVcL3dwLWNvbnRlbnRcL3VwbG9hZHNcLzIwMjZcLzAyXC8yMDI1LXBlYW1hamEtdGVycmFzcy1iYWFyLXN5Z2lzZWwtMS5qcGVnIiwic2xpZGVzaG93IjoiYmYzZjU0YiJ9\">\n\t\t\t\t\t<div class=\"e-gallery-image elementor-gallery-item__image\" data-thumbnail=\"https:\/\/saarjarve.ee\/wp-content\/uploads\/2026\/02\/2025-peamaja-terrass-baar-sygisel-1.jpeg\" data-width=\"854\" data-height=\"1280\" aria-label=\"\" role=\"img\" ><\/div>\n\t\t\t\t\t\t\t\t\t\t\t<div class=\"elementor-gallery-item__overlay\"><\/div>\n\t\t\t\t\t\t\t\t\t\t\t\t\t\t<\/a>\n\t\t\t\t\t\t\t<a class=\"e-gallery-item elementor-gallery-item elementor-animated-content\" href=\"https:\/\/saarjarve.ee\/wp-content\/uploads\/2021\/05\/Saarjarve-Puhkemaja-baar-1.jpeg\" data-elementor-open-lightbox=\"yes\" data-elementor-lightbox-slideshow=\"bf3f54b\" data-elementor-lightbox-title=\"Saarja\u0308rve Puhkemaja baar - 1\" data-e-action-hash=\"#elementor-action%3Aaction%3Dlightbox%26settings%3DeyJpZCI6Nzc1MywidXJsIjoiaHR0cHM6XC9cL3NhYXJqYXJ2ZS5lZVwvd3AtY29udGVudFwvdXBsb2Fkc1wvMjAyMVwvMDVcL1NhYXJqYXJ2ZS1QdWhrZW1hamEtYmFhci0xLmpwZWciLCJzbGlkZXNob3ciOiJiZjNmNTRiIn0%3D\">\n\t\t\t\t\t<div class=\"e-gallery-image elementor-gallery-item__image\" data-thumbnail=\"https:\/\/saarjarve.ee\/wp-content\/uploads\/2021\/05\/Saarjarve-Puhkemaja-baar-1.jpeg\" data-width=\"960\" data-height=\"1280\" aria-label=\"\" role=\"img\" ><\/div>\n\t\t\t\t\t\t\t\t\t\t\t<div class=\"elementor-gallery-item__overlay\"><\/div>\n\t\t\t\t\t\t\t\t\t\t\t\t\t\t<\/a>\n\t\t\t\t\t\t\t<a class=\"e-gallery-item elementor-gallery-item elementor-animated-content\" href=\"https:\/\/saarjarve.ee\/wp-content\/uploads\/2021\/05\/Saarjarve-Puhkemaja-baar-1-1.jpeg\" data-elementor-open-lightbox=\"yes\" data-elementor-lightbox-slideshow=\"bf3f54b\" data-elementor-lightbox-title=\"Saarja\u0308rve Puhkemaja baar - 1 (1)\" data-e-action-hash=\"#elementor-action%3Aaction%3Dlightbox%26settings%3DeyJpZCI6Nzc1MCwidXJsIjoiaHR0cHM6XC9cL3NhYXJqYXJ2ZS5lZVwvd3AtY29udGVudFwvdXBsb2Fkc1wvMjAyMVwvMDVcL1NhYXJqYXJ2ZS1QdWhrZW1hamEtYmFhci0xLTEuanBlZyIsInNsaWRlc2hvdyI6ImJmM2Y1NGIifQ%3D%3D\">\n\t\t\t\t\t<div class=\"e-gallery-image elementor-gallery-item__image\" data-thumbnail=\"https:\/\/saarjarve.ee\/wp-content\/uploads\/2021\/05\/Saarjarve-Puhkemaja-baar-1-1.jpeg\" data-width=\"960\" data-height=\"1280\" aria-label=\"\" role=\"img\" ><\/div>\n\t\t\t\t\t\t\t\t\t\t\t<div class=\"elementor-gallery-item__overlay\"><\/div>\n\t\t\t\t\t\t\t\t\t\t\t\t\t\t<\/a>\n\t\t\t\t\t\t\t<a class=\"e-gallery-item elementor-gallery-item elementor-animated-content\" href=\"https:\/\/saarjarve.ee\/wp-content\/uploads\/2023\/10\/Metsast-Taldrikule-Saarjarve-2024-1-3.jpeg\" data-elementor-open-lightbox=\"yes\" data-elementor-lightbox-slideshow=\"bf3f54b\" data-elementor-lightbox-title=\"Metsast Taldrikule Saarja\u0308rve 2024 - 1 (3)\" data-e-action-hash=\"#elementor-action%3Aaction%3Dlightbox%26settings%3DeyJpZCI6NzEzNiwidXJsIjoiaHR0cHM6XC9cL3NhYXJqYXJ2ZS5lZVwvd3AtY29udGVudFwvdXBsb2Fkc1wvMjAyM1wvMTBcL01ldHNhc3QtVGFsZHJpa3VsZS1TYWFyamFydmUtMjAyNC0xLTMuanBlZyIsInNsaWRlc2hvdyI6ImJmM2Y1NGIifQ%3D%3D\">\n\t\t\t\t\t<div class=\"e-gallery-image elementor-gallery-item__image\" data-thumbnail=\"https:\/\/saarjarve.ee\/wp-content\/uploads\/2023\/10\/Metsast-Taldrikule-Saarjarve-2024-1-3.jpeg\" data-width=\"480\" data-height=\"640\" aria-label=\"\" role=\"img\" ><\/div>\n\t\t\t\t\t\t\t\t\t\t\t<div class=\"elementor-gallery-item__overlay\"><\/div>\n\t\t\t\t\t\t\t\t\t\t\t\t\t\t<\/a>\n\t\t\t\t\t\t\t<a class=\"e-gallery-item elementor-gallery-item elementor-animated-content\" href=\"https:\/\/saarjarve.ee\/wp-content\/uploads\/2024\/04\/events-cocktail-party.jpg\" data-elementor-open-lightbox=\"yes\" data-elementor-lightbox-slideshow=\"bf3f54b\" data-elementor-lightbox-title=\"events-cocktail-party\" data-e-action-hash=\"#elementor-action%3Aaction%3Dlightbox%26settings%3DeyJpZCI6ODAyNiwidXJsIjoiaHR0cHM6XC9cL3NhYXJqYXJ2ZS5lZVwvd3AtY29udGVudFwvdXBsb2Fkc1wvMjAyNFwvMDRcL2V2ZW50cy1jb2NrdGFpbC1wYXJ0eS5qcGciLCJzbGlkZXNob3ciOiJiZjNmNTRiIn0%3D\">\n\t\t\t\t\t<div class=\"e-gallery-image elementor-gallery-item__image\" data-thumbnail=\"https:\/\/saarjarve.ee\/wp-content\/uploads\/2024\/04\/events-cocktail-party.jpg\" data-width=\"853\" data-height=\"1280\" aria-label=\"\" role=\"img\" ><\/div>\n\t\t\t\t\t\t\t\t\t\t\t<div class=\"elementor-gallery-item__overlay\"><\/div>\n\t\t\t\t\t\t\t\t\t\t\t\t\t\t<\/a>\n\t\t\t\t\t\t\t<a class=\"e-gallery-item elementor-gallery-item elementor-animated-content\" href=\"https:\/\/saarjarve.ee\/wp-content\/uploads\/2024\/05\/restaurant-carousel-1.jpg\" data-elementor-open-lightbox=\"yes\" data-elementor-lightbox-slideshow=\"bf3f54b\" data-elementor-lightbox-title=\"restaurant-carousel-1\" data-e-action-hash=\"#elementor-action%3Aaction%3Dlightbox%26settings%3DeyJpZCI6Nzk0MiwidXJsIjoiaHR0cHM6XC9cL3NhYXJqYXJ2ZS5lZVwvd3AtY29udGVudFwvdXBsb2Fkc1wvMjAyNFwvMDVcL3Jlc3RhdXJhbnQtY2Fyb3VzZWwtMS5qcGciLCJzbGlkZXNob3ciOiJiZjNmNTRiIn0%3D\">\n\t\t\t\t\t<div class=\"e-gallery-image elementor-gallery-item__image\" data-thumbnail=\"https:\/\/saarjarve.ee\/wp-content\/uploads\/2024\/05\/restaurant-carousel-1.jpg\" data-width=\"500\" data-height=\"334\" aria-label=\"\" role=\"img\" ><\/div>\n\t\t\t\t\t\t\t\t\t\t\t<div class=\"elementor-gallery-item__overlay\"><\/div>\n\t\t\t\t\t\t\t\t\t\t\t\t\t\t<\/a>\n\t\t\t\t\t\t\t<a class=\"e-gallery-item elementor-gallery-item elementor-animated-content\" href=\"https:\/\/saarjarve.ee\/wp-content\/uploads\/2024\/02\/Saarjarve-puhkemaja-kokteilid-1-1-scaled.jpeg\" data-elementor-open-lightbox=\"yes\" data-elementor-lightbox-slideshow=\"bf3f54b\" data-elementor-lightbox-title=\"Saarja\u0308rve puhkemaja kokteilid - 1 (1)\" data-e-action-hash=\"#elementor-action%3Aaction%3Dlightbox%26settings%3DeyJpZCI6NjUwOCwidXJsIjoiaHR0cHM6XC9cL3NhYXJqYXJ2ZS5lZVwvd3AtY29udGVudFwvdXBsb2Fkc1wvMjAyNFwvMDJcL1NhYXJqYXJ2ZS1wdWhrZW1hamEta29rdGVpbGlkLTEtMS1zY2FsZWQuanBlZyIsInNsaWRlc2hvdyI6ImJmM2Y1NGIifQ%3D%3D\">\n\t\t\t\t\t<div class=\"e-gallery-image elementor-gallery-item__image\" data-thumbnail=\"https:\/\/saarjarve.ee\/wp-content\/uploads\/2024\/02\/Saarjarve-puhkemaja-kokteilid-1-1-scaled.jpeg\" data-width=\"1920\" data-height=\"2560\" aria-label=\"\" role=\"img\" ><\/div>\n\t\t\t\t\t\t\t\t\t\t\t<div class=\"elementor-gallery-item__overlay\"><\/div>\n\t\t\t\t\t\t\t\t\t\t\t\t\t\t<\/a>\n\t\t\t\t\t<\/div>\n\t\t\t\t\t<\/div>\n\t\t\t\t<\/div>\n\t\t\t\t\t<\/div>\n\t\t\t\t<\/div>\n\t\t\t\t<\/div>\n\t\t","protected":false},"excerpt":{"rendered":"<p>Tule k\u00e4ed taskus Joogikaart Drinks Menu &amp; Bringing Your Own Drinks If you have chosen a catering package at Saarj\u00e4rve Holiday Home, bringing your own drinks is not permitted.If you wish to bring your own food and drinks, an additional fee of \u20ac500 will be added to the rental price.Learn more about our rental terms&hellip;<\/p>\n","protected":false},"author":2,"featured_media":0,"parent":0,"menu_order":0,"comment_status":"closed","ping_status":"closed","template":"","meta":{"_acf_changed":false,"footnotes":""},"class_list":["post-12015","page","type-page","status-publish","hentry"],"acf":[],"yoast_head":"<!-- This site is optimized with the Yoast SEO plugin v27.3 - https:\/\/yoast.com\/product\/yoast-seo-wordpress\/ -->\n<title>Drinks | Saarj\u00e4rve Puhkemaja \u2013 Privaatne j\u00e4rve\u00e4\u00e4rne villa L\u00f5una-Eestis<\/title>\n<meta name=\"robots\" content=\"index, follow, max-snippet:-1, max-image-preview:large, max-video-preview:-1\" \/>\n<link rel=\"canonical\" href=\"https:\/\/saarjarve.ee\/en\/drinklist\/\" \/>\n<meta property=\"og:locale\" content=\"en_US\" \/>\n<meta property=\"og:type\" content=\"article\" \/>\n<meta property=\"og:title\" content=\"Drinks | Saarj\u00e4rve Puhkemaja \u2013 Privaatne j\u00e4rve\u00e4\u00e4rne villa L\u00f5una-Eestis\" \/>\n<meta property=\"og:description\" content=\"Tule k\u00e4ed taskus Joogikaart Drinks Menu &amp; Bringing Your Own Drinks If you have chosen a catering package at Saarj\u00e4rve Holiday Home, bringing your own drinks is not permitted.If you wish to bring your own food and drinks, an additional fee of \u20ac500 will be added to the rental price.Learn more about our rental terms&hellip;\" \/>\n<meta property=\"og:url\" content=\"https:\/\/saarjarve.ee\/en\/drinklist\/\" \/>\n<meta property=\"og:site_name\" content=\"Saarj\u00e4rve Puhkemaja \u2013 Privaatne j\u00e4rve\u00e4\u00e4rne villa L\u00f5una-Eestis\" \/>\n<meta property=\"article:publisher\" content=\"https:\/\/www.facebook.com\/saarjarve\" \/>\n<meta property=\"article:modified_time\" content=\"2026-04-09T08:27:28+00:00\" \/>\n<meta property=\"og:image\" content=\"https:\/\/saarjarve.ee\/wp-content\/uploads\/2025\/10\/Saarjarve-Puhkemaja-Talvepaevad-1-1-scaled-e1762800916992.jpeg\" \/>\n\t<meta property=\"og:image:width\" content=\"1920\" \/>\n\t<meta property=\"og:image:height\" content=\"2560\" \/>\n\t<meta property=\"og:image:type\" content=\"image\/jpeg\" \/>\n<meta name=\"twitter:card\" content=\"summary_large_image\" \/>\n<meta name=\"twitter:label1\" content=\"Est. reading time\" \/>\n\t<meta name=\"twitter:data1\" content=\"1 minute\" \/>\n<script type=\"application\/ld+json\" class=\"yoast-schema-graph\">{\"@context\":\"https:\\\/\\\/schema.org\",\"@graph\":[{\"@type\":\"WebPage\",\"@id\":\"https:\\\/\\\/saarjarve.ee\\\/en\\\/drinklist\\\/\",\"url\":\"https:\\\/\\\/saarjarve.ee\\\/en\\\/drinklist\\\/\",\"name\":\"Drinks | Saarj\u00e4rve Puhkemaja \u2013 Privaatne j\u00e4rve\u00e4\u00e4rne villa L\u00f5una-Eestis\",\"isPartOf\":{\"@id\":\"https:\\\/\\\/saarjarve.ee\\\/#website\"},\"primaryImageOfPage\":{\"@id\":\"https:\\\/\\\/saarjarve.ee\\\/en\\\/drinklist\\\/#primaryimage\"},\"image\":{\"@id\":\"https:\\\/\\\/saarjarve.ee\\\/en\\\/drinklist\\\/#primaryimage\"},\"thumbnailUrl\":\"https:\\\/\\\/saarjarve.ee\\\/wp-content\\\/uploads\\\/2025\\\/10\\\/Saarjarve-Puhkemaja-Talvepaevad-1-1-768x1024.jpeg\",\"datePublished\":\"2026-04-09T08:06:28+00:00\",\"dateModified\":\"2026-04-09T08:27:28+00:00\",\"breadcrumb\":{\"@id\":\"https:\\\/\\\/saarjarve.ee\\\/en\\\/drinklist\\\/#breadcrumb\"},\"inLanguage\":\"en-US\",\"potentialAction\":[{\"@type\":\"ReadAction\",\"target\":[\"https:\\\/\\\/saarjarve.ee\\\/en\\\/drinklist\\\/\"]}]},{\"@type\":\"ImageObject\",\"inLanguage\":\"en-US\",\"@id\":\"https:\\\/\\\/saarjarve.ee\\\/en\\\/drinklist\\\/#primaryimage\",\"url\":\"https:\\\/\\\/saarjarve.ee\\\/wp-content\\\/uploads\\\/2025\\\/10\\\/Saarjarve-Puhkemaja-Talvepaevad-1-1-768x1024.jpeg\",\"contentUrl\":\"https:\\\/\\\/saarjarve.ee\\\/wp-content\\\/uploads\\\/2025\\\/10\\\/Saarjarve-Puhkemaja-Talvepaevad-1-1-768x1024.jpeg\"},{\"@type\":\"BreadcrumbList\",\"@id\":\"https:\\\/\\\/saarjarve.ee\\\/en\\\/drinklist\\\/#breadcrumb\",\"itemListElement\":[{\"@type\":\"ListItem\",\"position\":1,\"name\":\"Home\",\"item\":\"https:\\\/\\\/saarjarve.ee\\\/en\\\/\"},{\"@type\":\"ListItem\",\"position\":2,\"name\":\"Drinks\"}]},{\"@type\":\"WebSite\",\"@id\":\"https:\\\/\\\/saarjarve.ee\\\/#website\",\"url\":\"https:\\\/\\\/saarjarve.ee\\\/\",\"name\":\"Saarj\u00e4rve Puhkemaja | Villa | J\u00e4rv | Mets | L\u00f5una-Eestis\",\"description\":\"Hubane ja stiilne puhkemaja L\u00f5una-Eesti metsade ja rabaj\u00e4rve \u00e4\u00e4res. Majutus, saun, toitlustus ja seminariv\u00f5imalused gruppidele \u2013 k\u00f5ik \u00fches looduskaunis kohas.\",\"publisher\":{\"@id\":\"https:\\\/\\\/saarjarve.ee\\\/#organization\"},\"potentialAction\":[{\"@type\":\"SearchAction\",\"target\":{\"@type\":\"EntryPoint\",\"urlTemplate\":\"https:\\\/\\\/saarjarve.ee\\\/?s={search_term_string}\"},\"query-input\":{\"@type\":\"PropertyValueSpecification\",\"valueRequired\":true,\"valueName\":\"search_term_string\"}}],\"inLanguage\":\"en-US\"},{\"@type\":\"Organization\",\"@id\":\"https:\\\/\\\/saarjarve.ee\\\/#organization\",\"name\":\"Saarj\u00e4rve Puhkemaja\",\"url\":\"https:\\\/\\\/saarjarve.ee\\\/\",\"logo\":{\"@type\":\"ImageObject\",\"inLanguage\":\"en-US\",\"@id\":\"https:\\\/\\\/saarjarve.ee\\\/#\\\/schema\\\/logo\\\/image\\\/\",\"url\":\"https:\\\/\\\/saarjarve.ee\\\/wp-content\\\/uploads\\\/2025\\\/02\\\/Saarjarve-Puhkemaja-Logo_taust-1500x1500-2025-EST.png\",\"contentUrl\":\"https:\\\/\\\/saarjarve.ee\\\/wp-content\\\/uploads\\\/2025\\\/02\\\/Saarjarve-Puhkemaja-Logo_taust-1500x1500-2025-EST.png\",\"width\":1563,\"height\":1563,\"caption\":\"Saarj\u00e4rve Puhkemaja\"},\"image\":{\"@id\":\"https:\\\/\\\/saarjarve.ee\\\/#\\\/schema\\\/logo\\\/image\\\/\"},\"sameAs\":[\"https:\\\/\\\/www.facebook.com\\\/saarjarve\",\"http:\\\/\\\/instagram.com\\\/saarjarve\"]}]}<\/script>\n<!-- \/ Yoast SEO plugin. -->","yoast_head_json":{"title":"Drinks | Saarj\u00e4rve Puhkemaja \u2013 Privaatne j\u00e4rve\u00e4\u00e4rne villa L\u00f5una-Eestis","robots":{"index":"index","follow":"follow","max-snippet":"max-snippet:-1","max-image-preview":"max-image-preview:large","max-video-preview":"max-video-preview:-1"},"canonical":"https:\/\/saarjarve.ee\/en\/drinklist\/","og_locale":"en_US","og_type":"article","og_title":"Drinks | Saarj\u00e4rve Puhkemaja \u2013 Privaatne j\u00e4rve\u00e4\u00e4rne villa L\u00f5una-Eestis","og_description":"Tule k\u00e4ed taskus Joogikaart Drinks Menu &amp; Bringing Your Own Drinks If you have chosen a catering package at Saarj\u00e4rve Holiday Home, bringing your own drinks is not permitted.If you wish to bring your own food and drinks, an additional fee of \u20ac500 will be added to the rental price.Learn more about our rental terms&hellip;","og_url":"https:\/\/saarjarve.ee\/en\/drinklist\/","og_site_name":"Saarj\u00e4rve Puhkemaja \u2013 Privaatne j\u00e4rve\u00e4\u00e4rne villa L\u00f5una-Eestis","article_publisher":"https:\/\/www.facebook.com\/saarjarve","article_modified_time":"2026-04-09T08:27:28+00:00","og_image":[{"width":1920,"height":2560,"url":"https:\/\/saarjarve.ee\/wp-content\/uploads\/2025\/10\/Saarjarve-Puhkemaja-Talvepaevad-1-1-scaled-e1762800916992.jpeg","type":"image\/jpeg"}],"twitter_card":"summary_large_image","twitter_misc":{"Est. reading time":"1 minute"},"schema":{"@context":"https:\/\/schema.org","@graph":[{"@type":"WebPage","@id":"https:\/\/saarjarve.ee\/en\/drinklist\/","url":"https:\/\/saarjarve.ee\/en\/drinklist\/","name":"Drinks | Saarj\u00e4rve Puhkemaja \u2013 Privaatne j\u00e4rve\u00e4\u00e4rne villa L\u00f5una-Eestis","isPartOf":{"@id":"https:\/\/saarjarve.ee\/#website"},"primaryImageOfPage":{"@id":"https:\/\/saarjarve.ee\/en\/drinklist\/#primaryimage"},"image":{"@id":"https:\/\/saarjarve.ee\/en\/drinklist\/#primaryimage"},"thumbnailUrl":"https:\/\/saarjarve.ee\/wp-content\/uploads\/2025\/10\/Saarjarve-Puhkemaja-Talvepaevad-1-1-768x1024.jpeg","datePublished":"2026-04-09T08:06:28+00:00","dateModified":"2026-04-09T08:27:28+00:00","breadcrumb":{"@id":"https:\/\/saarjarve.ee\/en\/drinklist\/#breadcrumb"},"inLanguage":"en-US","potentialAction":[{"@type":"ReadAction","target":["https:\/\/saarjarve.ee\/en\/drinklist\/"]}]},{"@type":"ImageObject","inLanguage":"en-US","@id":"https:\/\/saarjarve.ee\/en\/drinklist\/#primaryimage","url":"https:\/\/saarjarve.ee\/wp-content\/uploads\/2025\/10\/Saarjarve-Puhkemaja-Talvepaevad-1-1-768x1024.jpeg","contentUrl":"https:\/\/saarjarve.ee\/wp-content\/uploads\/2025\/10\/Saarjarve-Puhkemaja-Talvepaevad-1-1-768x1024.jpeg"},{"@type":"BreadcrumbList","@id":"https:\/\/saarjarve.ee\/en\/drinklist\/#breadcrumb","itemListElement":[{"@type":"ListItem","position":1,"name":"Home","item":"https:\/\/saarjarve.ee\/en\/"},{"@type":"ListItem","position":2,"name":"Drinks"}]},{"@type":"WebSite","@id":"https:\/\/saarjarve.ee\/#website","url":"https:\/\/saarjarve.ee\/","name":"Saarj\u00e4rve Puhkemaja | Villa | J\u00e4rv | Mets | L\u00f5una-Eestis","description":"Hubane ja stiilne puhkemaja L\u00f5una-Eesti metsade ja rabaj\u00e4rve \u00e4\u00e4res. Majutus, saun, toitlustus ja seminariv\u00f5imalused gruppidele \u2013 k\u00f5ik \u00fches looduskaunis kohas.","publisher":{"@id":"https:\/\/saarjarve.ee\/#organization"},"potentialAction":[{"@type":"SearchAction","target":{"@type":"EntryPoint","urlTemplate":"https:\/\/saarjarve.ee\/?s={search_term_string}"},"query-input":{"@type":"PropertyValueSpecification","valueRequired":true,"valueName":"search_term_string"}}],"inLanguage":"en-US"},{"@type":"Organization","@id":"https:\/\/saarjarve.ee\/#organization","name":"Saarj\u00e4rve Puhkemaja","url":"https:\/\/saarjarve.ee\/","logo":{"@type":"ImageObject","inLanguage":"en-US","@id":"https:\/\/saarjarve.ee\/#\/schema\/logo\/image\/","url":"https:\/\/saarjarve.ee\/wp-content\/uploads\/2025\/02\/Saarjarve-Puhkemaja-Logo_taust-1500x1500-2025-EST.png","contentUrl":"https:\/\/saarjarve.ee\/wp-content\/uploads\/2025\/02\/Saarjarve-Puhkemaja-Logo_taust-1500x1500-2025-EST.png","width":1563,"height":1563,"caption":"Saarj\u00e4rve Puhkemaja"},"image":{"@id":"https:\/\/saarjarve.ee\/#\/schema\/logo\/image\/"},"sameAs":["https:\/\/www.facebook.com\/saarjarve","http:\/\/instagram.com\/saarjarve"]}]}},"_links":{"self":[{"href":"https:\/\/saarjarve.ee\/en\/wp-json\/wp\/v2\/pages\/12015","targetHints":{"allow":["GET"]}}],"collection":[{"href":"https:\/\/saarjarve.ee\/en\/wp-json\/wp\/v2\/pages"}],"about":[{"href":"https:\/\/saarjarve.ee\/en\/wp-json\/wp\/v2\/types\/page"}],"author":[{"embeddable":true,"href":"https:\/\/saarjarve.ee\/en\/wp-json\/wp\/v2\/users\/2"}],"replies":[{"embeddable":true,"href":"https:\/\/saarjarve.ee\/en\/wp-json\/wp\/v2\/comments?post=12015"}],"version-history":[{"count":7,"href":"https:\/\/saarjarve.ee\/en\/wp-json\/wp\/v2\/pages\/12015\/revisions"}],"predecessor-version":[{"id":12023,"href":"https:\/\/saarjarve.ee\/en\/wp-json\/wp\/v2\/pages\/12015\/revisions\/12023"}],"wp:attachment":[{"href":"https:\/\/saarjarve.ee\/en\/wp-json\/wp\/v2\/media?parent=12015"}],"curies":[{"name":"wp","href":"https:\/\/api.w.org\/{rel}","templated":true}]}}