{"id":4005,"date":"2017-06-02T16:45:34","date_gmt":"2017-06-02T16:45:34","guid":{"rendered":"https:\/\/saarjarve.ee\/uudised-ja-meie-blogi\/"},"modified":"2022-03-01T20:52:55","modified_gmt":"2022-03-01T20:52:55","slug":"news-our-blog","status":"publish","type":"page","link":"https:\/\/saarjarve.ee\/en\/news-our-blog\/","title":{"rendered":"News &#038; Our Blog"},"content":{"rendered":"<div class=\"wpb-content-wrapper\"><p>[vc_row full_width=&#8221;stretch_row_content&#8221; css=&#8221;.vc_custom_1646167971821{background-position: 0 0 !important;background-repeat: no-repeat !important;}&#8221;][vc_column][vc_masonry_grid post_type=&#8221;post&#8221; max_items=&#8221;-1&#8243; show_filter=&#8221;yes&#8221; element_width=&#8221;3&#8243; gap=&#8221;15&#8243; filter_style=&#8221;default-less-rounded&#8221; filter_default_title=&#8221;K\u00f5ik postitused&#8221; filter_color=&#8221;green&#8221; filter_size=&#8221;lg&#8221; initial_loading_animation=&#8221;fadeIn&#8221; grid_id=&#8221;vc_gid:1646167944089-48fe4327-298d-7&#8243; filter_source=&#8221;category&#8221;][\/vc_column][\/vc_row]<\/p>\n<\/div>","protected":false},"excerpt":{"rendered":"<p>[vc_row full_width=&#8221;stretch_row_content&#8221; css=&#8221;.vc_custom_1646167971821{background-position: 0 0 !important;background-repeat: no-repeat !important;}&#8221;][vc_column][vc_masonry_grid post_type=&#8221;post&#8221; max_items=&#8221;-1&#8243; show_filter=&#8221;yes&#8221; element_width=&#8221;3&#8243; gap=&#8221;15&#8243; filter_style=&#8221;default-less-rounded&#8221; filter_default_title=&#8221;K\u00f5ik postitused&#8221; filter_color=&#8221;green&#8221; filter_size=&#8221;lg&#8221; initial_loading_animation=&#8221;fadeIn&#8221; grid_id=&#8221;vc_gid:1646167944089-48fe4327-298d-7&#8243; filter_source=&#8221;category&#8221;][\/vc_column][\/vc_row]<\/p>\n","protected":false},"author":1,"featured_media":0,"parent":0,"menu_order":0,"comment_status":"closed","ping_status":"closed","template":"","meta":{"_acf_changed":false,"footnotes":""},"class_list":["post-4005","page","type-page","status-publish","hentry"],"acf":[],"yoast_head":"<!-- This site is optimized with the Yoast SEO plugin v27.3 - https:\/\/yoast.com\/product\/yoast-seo-wordpress\/ -->\n<title>News &amp; Our Blog | Saarj\u00e4rve Puhkemaja \u2013 Privaatne j\u00e4rve\u00e4\u00e4rne villa L\u00f5una-Eestis<\/title>\n<meta name=\"robots\" content=\"index, follow, max-snippet:-1, max-image-preview:large, max-video-preview:-1\" \/>\n<link rel=\"canonical\" href=\"https:\/\/saarjarve.ee\/en\/news-our-blog\/\" \/>\n<meta property=\"og:locale\" content=\"en_US\" \/>\n<meta property=\"og:type\" content=\"article\" \/>\n<meta property=\"og:title\" content=\"News &amp; Our Blog | Saarj\u00e4rve Puhkemaja \u2013 Privaatne j\u00e4rve\u00e4\u00e4rne villa L\u00f5una-Eestis\" \/>\n<meta property=\"og:description\" content=\"[vc_row full_width=&#8221;stretch_row_content&#8221; css=&#8221;.vc_custom_1646167971821{background-position: 0 0 !important;background-repeat: no-repeat !important;}&#8221;][vc_column][vc_masonry_grid post_type=&#8221;post&#8221; max_items=&#8221;-1&#8243; show_filter=&#8221;yes&#8221; element_width=&#8221;3&#8243; gap=&#8221;15&#8243; filter_style=&#8221;default-less-rounded&#8221; filter_default_title=&#8221;K\u00f5ik postitused&#8221; filter_color=&#8221;green&#8221; filter_size=&#8221;lg&#8221; initial_loading_animation=&#8221;fadeIn&#8221; grid_id=&#8221;vc_gid:1646167944089-48fe4327-298d-7&#8243; filter_source=&#8221;category&#8221;][\/vc_column][\/vc_row]\" \/>\n<meta property=\"og:url\" content=\"https:\/\/saarjarve.ee\/en\/news-our-blog\/\" \/>\n<meta property=\"og:site_name\" content=\"Saarj\u00e4rve Puhkemaja \u2013 Privaatne j\u00e4rve\u00e4\u00e4rne villa L\u00f5una-Eestis\" \/>\n<meta property=\"article:publisher\" content=\"https:\/\/www.facebook.com\/saarjarve\" \/>\n<meta property=\"article:modified_time\" content=\"2022-03-01T20:52:55+00:00\" \/>\n<meta name=\"twitter:card\" content=\"summary_large_image\" \/>\n<meta name=\"twitter:label1\" content=\"Est. reading time\" \/>\n\t<meta name=\"twitter:data1\" content=\"1 minute\" \/>\n<script type=\"application\/ld+json\" class=\"yoast-schema-graph\">{\"@context\":\"https:\\\/\\\/schema.org\",\"@graph\":[{\"@type\":\"WebPage\",\"@id\":\"https:\\\/\\\/saarjarve.ee\\\/en\\\/news-our-blog\\\/\",\"url\":\"https:\\\/\\\/saarjarve.ee\\\/en\\\/news-our-blog\\\/\",\"name\":\"News & Our Blog | Saarj\u00e4rve Puhkemaja \u2013 Privaatne j\u00e4rve\u00e4\u00e4rne villa L\u00f5una-Eestis\",\"isPartOf\":{\"@id\":\"https:\\\/\\\/saarjarve.ee\\\/#website\"},\"datePublished\":\"2017-06-02T16:45:34+00:00\",\"dateModified\":\"2022-03-01T20:52:55+00:00\",\"breadcrumb\":{\"@id\":\"https:\\\/\\\/saarjarve.ee\\\/en\\\/news-our-blog\\\/#breadcrumb\"},\"inLanguage\":\"en-US\",\"potentialAction\":[{\"@type\":\"ReadAction\",\"target\":[\"https:\\\/\\\/saarjarve.ee\\\/en\\\/news-our-blog\\\/\"]}]},{\"@type\":\"BreadcrumbList\",\"@id\":\"https:\\\/\\\/saarjarve.ee\\\/en\\\/news-our-blog\\\/#breadcrumb\",\"itemListElement\":[{\"@type\":\"ListItem\",\"position\":1,\"name\":\"Home\",\"item\":\"https:\\\/\\\/saarjarve.ee\\\/en\\\/\"},{\"@type\":\"ListItem\",\"position\":2,\"name\":\"News &#038; Our Blog\"}]},{\"@type\":\"WebSite\",\"@id\":\"https:\\\/\\\/saarjarve.ee\\\/#website\",\"url\":\"https:\\\/\\\/saarjarve.ee\\\/\",\"name\":\"Saarj\u00e4rve Puhkemaja | Villa | J\u00e4rv | Mets | L\u00f5una-Eestis\",\"description\":\"Hubane ja stiilne puhkemaja L\u00f5una-Eesti metsade ja rabaj\u00e4rve \u00e4\u00e4res. Majutus, saun, toitlustus ja seminariv\u00f5imalused gruppidele \u2013 k\u00f5ik \u00fches looduskaunis kohas.\",\"publisher\":{\"@id\":\"https:\\\/\\\/saarjarve.ee\\\/#organization\"},\"potentialAction\":[{\"@type\":\"SearchAction\",\"target\":{\"@type\":\"EntryPoint\",\"urlTemplate\":\"https:\\\/\\\/saarjarve.ee\\\/?s={search_term_string}\"},\"query-input\":{\"@type\":\"PropertyValueSpecification\",\"valueRequired\":true,\"valueName\":\"search_term_string\"}}],\"inLanguage\":\"en-US\"},{\"@type\":\"Organization\",\"@id\":\"https:\\\/\\\/saarjarve.ee\\\/#organization\",\"name\":\"Saarj\u00e4rve Puhkemaja\",\"url\":\"https:\\\/\\\/saarjarve.ee\\\/\",\"logo\":{\"@type\":\"ImageObject\",\"inLanguage\":\"en-US\",\"@id\":\"https:\\\/\\\/saarjarve.ee\\\/#\\\/schema\\\/logo\\\/image\\\/\",\"url\":\"https:\\\/\\\/saarjarve.ee\\\/wp-content\\\/uploads\\\/2025\\\/02\\\/Saarjarve-Puhkemaja-Logo_taust-1500x1500-2025-EST.png\",\"contentUrl\":\"https:\\\/\\\/saarjarve.ee\\\/wp-content\\\/uploads\\\/2025\\\/02\\\/Saarjarve-Puhkemaja-Logo_taust-1500x1500-2025-EST.png\",\"width\":1563,\"height\":1563,\"caption\":\"Saarj\u00e4rve Puhkemaja\"},\"image\":{\"@id\":\"https:\\\/\\\/saarjarve.ee\\\/#\\\/schema\\\/logo\\\/image\\\/\"},\"sameAs\":[\"https:\\\/\\\/www.facebook.com\\\/saarjarve\",\"http:\\\/\\\/instagram.com\\\/saarjarve\"]}]}<\/script>\n<!-- \/ Yoast SEO plugin. -->","yoast_head_json":{"title":"News & Our Blog | Saarj\u00e4rve Puhkemaja \u2013 Privaatne j\u00e4rve\u00e4\u00e4rne villa L\u00f5una-Eestis","robots":{"index":"index","follow":"follow","max-snippet":"max-snippet:-1","max-image-preview":"max-image-preview:large","max-video-preview":"max-video-preview:-1"},"canonical":"https:\/\/saarjarve.ee\/en\/news-our-blog\/","og_locale":"en_US","og_type":"article","og_title":"News & Our Blog | Saarj\u00e4rve Puhkemaja \u2013 Privaatne j\u00e4rve\u00e4\u00e4rne villa L\u00f5una-Eestis","og_description":"[vc_row full_width=&#8221;stretch_row_content&#8221; css=&#8221;.vc_custom_1646167971821{background-position: 0 0 !important;background-repeat: no-repeat !important;}&#8221;][vc_column][vc_masonry_grid post_type=&#8221;post&#8221; max_items=&#8221;-1&#8243; show_filter=&#8221;yes&#8221; element_width=&#8221;3&#8243; gap=&#8221;15&#8243; filter_style=&#8221;default-less-rounded&#8221; filter_default_title=&#8221;K\u00f5ik postitused&#8221; filter_color=&#8221;green&#8221; filter_size=&#8221;lg&#8221; initial_loading_animation=&#8221;fadeIn&#8221; grid_id=&#8221;vc_gid:1646167944089-48fe4327-298d-7&#8243; filter_source=&#8221;category&#8221;][\/vc_column][\/vc_row]","og_url":"https:\/\/saarjarve.ee\/en\/news-our-blog\/","og_site_name":"Saarj\u00e4rve Puhkemaja \u2013 Privaatne j\u00e4rve\u00e4\u00e4rne villa L\u00f5una-Eestis","article_publisher":"https:\/\/www.facebook.com\/saarjarve","article_modified_time":"2022-03-01T20:52:55+00:00","twitter_card":"summary_large_image","twitter_misc":{"Est. reading time":"1 minute"},"schema":{"@context":"https:\/\/schema.org","@graph":[{"@type":"WebPage","@id":"https:\/\/saarjarve.ee\/en\/news-our-blog\/","url":"https:\/\/saarjarve.ee\/en\/news-our-blog\/","name":"News & Our Blog | Saarj\u00e4rve Puhkemaja \u2013 Privaatne j\u00e4rve\u00e4\u00e4rne villa L\u00f5una-Eestis","isPartOf":{"@id":"https:\/\/saarjarve.ee\/#website"},"datePublished":"2017-06-02T16:45:34+00:00","dateModified":"2022-03-01T20:52:55+00:00","breadcrumb":{"@id":"https:\/\/saarjarve.ee\/en\/news-our-blog\/#breadcrumb"},"inLanguage":"en-US","potentialAction":[{"@type":"ReadAction","target":["https:\/\/saarjarve.ee\/en\/news-our-blog\/"]}]},{"@type":"BreadcrumbList","@id":"https:\/\/saarjarve.ee\/en\/news-our-blog\/#breadcrumb","itemListElement":[{"@type":"ListItem","position":1,"name":"Home","item":"https:\/\/saarjarve.ee\/en\/"},{"@type":"ListItem","position":2,"name":"News &#038; Our Blog"}]},{"@type":"WebSite","@id":"https:\/\/saarjarve.ee\/#website","url":"https:\/\/saarjarve.ee\/","name":"Saarj\u00e4rve Puhkemaja | Villa | J\u00e4rv | Mets | L\u00f5una-Eestis","description":"Hubane ja stiilne puhkemaja L\u00f5una-Eesti metsade ja rabaj\u00e4rve \u00e4\u00e4res. Majutus, saun, toitlustus ja seminariv\u00f5imalused gruppidele \u2013 k\u00f5ik \u00fches looduskaunis kohas.","publisher":{"@id":"https:\/\/saarjarve.ee\/#organization"},"potentialAction":[{"@type":"SearchAction","target":{"@type":"EntryPoint","urlTemplate":"https:\/\/saarjarve.ee\/?s={search_term_string}"},"query-input":{"@type":"PropertyValueSpecification","valueRequired":true,"valueName":"search_term_string"}}],"inLanguage":"en-US"},{"@type":"Organization","@id":"https:\/\/saarjarve.ee\/#organization","name":"Saarj\u00e4rve Puhkemaja","url":"https:\/\/saarjarve.ee\/","logo":{"@type":"ImageObject","inLanguage":"en-US","@id":"https:\/\/saarjarve.ee\/#\/schema\/logo\/image\/","url":"https:\/\/saarjarve.ee\/wp-content\/uploads\/2025\/02\/Saarjarve-Puhkemaja-Logo_taust-1500x1500-2025-EST.png","contentUrl":"https:\/\/saarjarve.ee\/wp-content\/uploads\/2025\/02\/Saarjarve-Puhkemaja-Logo_taust-1500x1500-2025-EST.png","width":1563,"height":1563,"caption":"Saarj\u00e4rve Puhkemaja"},"image":{"@id":"https:\/\/saarjarve.ee\/#\/schema\/logo\/image\/"},"sameAs":["https:\/\/www.facebook.com\/saarjarve","http:\/\/instagram.com\/saarjarve"]}]}},"_links":{"self":[{"href":"https:\/\/saarjarve.ee\/en\/wp-json\/wp\/v2\/pages\/4005","targetHints":{"allow":["GET"]}}],"collection":[{"href":"https:\/\/saarjarve.ee\/en\/wp-json\/wp\/v2\/pages"}],"about":[{"href":"https:\/\/saarjarve.ee\/en\/wp-json\/wp\/v2\/types\/page"}],"author":[{"embeddable":true,"href":"https:\/\/saarjarve.ee\/en\/wp-json\/wp\/v2\/users\/1"}],"replies":[{"embeddable":true,"href":"https:\/\/saarjarve.ee\/en\/wp-json\/wp\/v2\/comments?post=4005"}],"version-history":[{"count":2,"href":"https:\/\/saarjarve.ee\/en\/wp-json\/wp\/v2\/pages\/4005\/revisions"}],"predecessor-version":[{"id":4007,"href":"https:\/\/saarjarve.ee\/en\/wp-json\/wp\/v2\/pages\/4005\/revisions\/4007"}],"wp:attachment":[{"href":"https:\/\/saarjarve.ee\/en\/wp-json\/wp\/v2\/media?parent=4005"}],"curies":[{"name":"wp","href":"https:\/\/api.w.org\/{rel}","templated":true}]}}